{"id":2702,"date":"2022-12-10T11:20:52","date_gmt":"2022-12-10T11:20:52","guid":{"rendered":"https:\/\/stepbystep-book.ch\/?post_type=product&#038;p=2702"},"modified":"2022-12-12T17:50:35","modified_gmt":"2022-12-12T17:50:35","slug":"decoration-de-table-anneaux-pour-serviettes","status":"publish","type":"product","link":"https:\/\/stepbystep-book.ch\/en\/product\/decoration-de-table-anneaux-pour-serviettes\/","title":{"rendered":"Table decoration - napkin rings"},"content":{"rendered":"<p>Pour la d\u00e9coration de votre table de No\u00ebl, bapt\u00eame, mariage ou autre. Personnalisation possible. CHF 5.- pi\u00e8ce (envoi compris \u00e0 partir de CHF 20.- d&rsquo;achat)<\/p>\n<p><img fetchpriority=\"high\" decoding=\"async\" class=\"alignnone size-full wp-image-2704\" src=\"https:\/\/stepbystep-book.ch\/wp-content\/uploads\/2022\/12\/De\u0301corations-de-table.jpg\" alt=\"\" width=\"1772\" height=\"1772\" srcset=\"https:\/\/stepbystep-book.ch\/wp-content\/uploads\/2022\/12\/De\u0301corations-de-table.jpg 1772w, https:\/\/stepbystep-book.ch\/wp-content\/uploads\/2022\/12\/De\u0301corations-de-table-300x300.jpg 300w, https:\/\/stepbystep-book.ch\/wp-content\/uploads\/2022\/12\/De\u0301corations-de-table-1024x1024.jpg 1024w, https:\/\/stepbystep-book.ch\/wp-content\/uploads\/2022\/12\/De\u0301corations-de-table-150x150.jpg 150w, https:\/\/stepbystep-book.ch\/wp-content\/uploads\/2022\/12\/De\u0301corations-de-table-768x768.jpg 768w, https:\/\/stepbystep-book.ch\/wp-content\/uploads\/2022\/12\/De\u0301corations-de-table-1536x1536.jpg 1536w, https:\/\/stepbystep-book.ch\/wp-content\/uploads\/2022\/12\/De\u0301corations-de-table-12x12.jpg 12w, https:\/\/stepbystep-book.ch\/wp-content\/uploads\/2022\/12\/De\u0301corations-de-table-100x100.jpg 100w, https:\/\/stepbystep-book.ch\/wp-content\/uploads\/2022\/12\/De\u0301corations-de-table-1320x1320.jpg 1320w, https:\/\/stepbystep-book.ch\/wp-content\/uploads\/2022\/12\/De\u0301corations-de-table-250x250.jpg 250w, https:\/\/stepbystep-book.ch\/wp-content\/uploads\/2022\/12\/De\u0301corations-de-table-350x350.jpg 350w\" sizes=\"(max-width: 706px) 89vw, (max-width: 767px) 82vw, 740px\" \/><\/p>","protected":false},"excerpt":{"rendered":"<p>D\u00e9coration de table &#8211; anneaux pour serviettes ou bouteilles. Vous pouvez choisir les mod\u00e8les en mettant votre choix dans la partie \u00ab\u00a0Notes de commande\u00a0<span class=\"optional\">(facultatif)\u00a0\u00bb une fois votre commande valid\u00e9e.\u00a0<\/span><\/p>","protected":false},"featured_media":2703,"comment_status":"open","ping_status":"closed","template":"","meta":{"om_disable_all_campaigns":false},"product_brand":[],"product_cat":[38],"product_tag":[],"class_list":{"0":"post-2702","1":"product","2":"type-product","3":"status-publish","4":"has-post-thumbnail","6":"product_cat-decoration-noel","8":"first","9":"instock","10":"purchasable","11":"product-type-simple"},"jetpack_sharing_enabled":true,"post_mailing_queue_ids":[],"_links":{"self":[{"href":"https:\/\/stepbystep-book.ch\/en\/wp-json\/wp\/v2\/product\/2702","targetHints":{"allow":["GET"]}}],"collection":[{"href":"https:\/\/stepbystep-book.ch\/en\/wp-json\/wp\/v2\/product"}],"about":[{"href":"https:\/\/stepbystep-book.ch\/en\/wp-json\/wp\/v2\/types\/product"}],"replies":[{"embeddable":true,"href":"https:\/\/stepbystep-book.ch\/en\/wp-json\/wp\/v2\/comments?post=2702"}],"wp:featuredmedia":[{"embeddable":true,"href":"https:\/\/stepbystep-book.ch\/en\/wp-json\/wp\/v2\/media\/2703"}],"wp:attachment":[{"href":"https:\/\/stepbystep-book.ch\/en\/wp-json\/wp\/v2\/media?parent=2702"}],"wp:term":[{"taxonomy":"product_brand","embeddable":true,"href":"https:\/\/stepbystep-book.ch\/en\/wp-json\/wp\/v2\/product_brand?post=2702"},{"taxonomy":"product_cat","embeddable":true,"href":"https:\/\/stepbystep-book.ch\/en\/wp-json\/wp\/v2\/product_cat?post=2702"},{"taxonomy":"product_tag","embeddable":true,"href":"https:\/\/stepbystep-book.ch\/en\/wp-json\/wp\/v2\/product_tag?post=2702"}],"curies":[{"name":"wp","href":"https:\/\/api.w.org\/{rel}","templated":true}]}}