{"id":2673,"date":"2022-11-22T15:09:01","date_gmt":"2022-11-22T15:09:01","guid":{"rendered":"https:\/\/stepbystep-book.ch\/?post_type=product&#038;p=2673"},"modified":"2025-02-11T11:16:15","modified_gmt":"2025-02-11T11:16:15","slug":"petits-anges-de-noel","status":"publish","type":"product","link":"https:\/\/stepbystep-book.ch\/en\/product\/petits-anges-de-noel\/","title":{"rendered":"Petits anges de No\u00ebl dor\u00e9 avec rouge"},"content":{"rendered":"<p>\u00a0\u00bb Petits anges de No\u00ebl \u00a0\u00bb pour la d\u00e9coration de votre table de No\u00ebl, avec bougie led et diff\u00e9rentes couleurs et accessoires.<\/p>\n<p>15 cm de hauteur, imprim\u00e9s avec imprimante 3D et bioplastique PLA, solution \u00e9cologique.<\/p>","protected":false},"excerpt":{"rendered":"<p>15 cm de hauteur, imprim\u00e9s avec imprimante 3D et bioplastique PLA, solution \u00e9cologique.<\/p>","protected":false},"featured_media":2610,"comment_status":"open","ping_status":"closed","template":"","meta":{"om_disable_all_campaigns":false},"product_brand":[],"product_cat":[40],"product_tag":[],"class_list":{"0":"post-2673","1":"product","2":"type-product","3":"status-publish","4":"has-post-thumbnail","6":"product_cat-petits-anges-de-noel","8":"first","9":"instock","10":"purchasable","11":"product-type-simple"},"jetpack_sharing_enabled":true,"post_mailing_queue_ids":[],"_links":{"self":[{"href":"https:\/\/stepbystep-book.ch\/en\/wp-json\/wp\/v2\/product\/2673","targetHints":{"allow":["GET"]}}],"collection":[{"href":"https:\/\/stepbystep-book.ch\/en\/wp-json\/wp\/v2\/product"}],"about":[{"href":"https:\/\/stepbystep-book.ch\/en\/wp-json\/wp\/v2\/types\/product"}],"replies":[{"embeddable":true,"href":"https:\/\/stepbystep-book.ch\/en\/wp-json\/wp\/v2\/comments?post=2673"}],"wp:featuredmedia":[{"embeddable":true,"href":"https:\/\/stepbystep-book.ch\/en\/wp-json\/wp\/v2\/media\/2610"}],"wp:attachment":[{"href":"https:\/\/stepbystep-book.ch\/en\/wp-json\/wp\/v2\/media?parent=2673"}],"wp:term":[{"taxonomy":"product_brand","embeddable":true,"href":"https:\/\/stepbystep-book.ch\/en\/wp-json\/wp\/v2\/product_brand?post=2673"},{"taxonomy":"product_cat","embeddable":true,"href":"https:\/\/stepbystep-book.ch\/en\/wp-json\/wp\/v2\/product_cat?post=2673"},{"taxonomy":"product_tag","embeddable":true,"href":"https:\/\/stepbystep-book.ch\/en\/wp-json\/wp\/v2\/product_tag?post=2673"}],"curies":[{"name":"wp","href":"https:\/\/api.w.org\/{rel}","templated":true}]}}