{"id":2468,"date":"2022-07-14T19:37:43","date_gmt":"2022-07-14T19:37:43","guid":{"rendered":"https:\/\/stepbystep-book.ch\/?post_type=product&#038;p=2468"},"modified":"2024-08-10T08:11:50","modified_gmt":"2024-08-10T08:11:50","slug":"la-fleur-du-bonheur","status":"publish","type":"product","link":"https:\/\/stepbystep-book.ch\/en\/product\/la-fleur-du-bonheur\/","title":{"rendered":"Postcard - The flower of happiness"},"content":{"rendered":"<p>\u00c9cris tes 5 souhaits sur les p\u00e9tales, cherche la signification des couleurs si tu d\u00e9sires les colorier et offre ta fleur \u00e0 quelqu\u2019un. N\u2019oublie pas de lui demander de faire la m\u00eame chose \u00e0 son tour et commence ainsi ta cha\u00eene de bonheur.<\/p>\n<p>Carte postale &#8211; Format: A5 (14,8 x 21 cm)<br \/>\nPapier mat, 300gr.<\/p>\n<p><img fetchpriority=\"high\" decoding=\"async\" class=\"alignnone size-full wp-image-649\" src=\"https:\/\/stepbystep-book.ch\/wp-content\/uploads\/2021\/03\/Fleur-du-bonheur-verso.jpg\" alt=\"\" width=\"894\" height=\"1258\" srcset=\"https:\/\/stepbystep-book.ch\/wp-content\/uploads\/2021\/03\/Fleur-du-bonheur-verso.jpg 894w, https:\/\/stepbystep-book.ch\/wp-content\/uploads\/2021\/03\/Fleur-du-bonheur-verso-250x352.jpg 250w, https:\/\/stepbystep-book.ch\/wp-content\/uploads\/2021\/03\/Fleur-du-bonheur-verso-350x493.jpg 350w, https:\/\/stepbystep-book.ch\/wp-content\/uploads\/2021\/03\/Fleur-du-bonheur-verso-213x300.jpg 213w, https:\/\/stepbystep-book.ch\/wp-content\/uploads\/2021\/03\/Fleur-du-bonheur-verso-728x1024.jpg 728w, https:\/\/stepbystep-book.ch\/wp-content\/uploads\/2021\/03\/Fleur-du-bonheur-verso-768x1081.jpg 768w\" sizes=\"(max-width: 706px) 89vw, (max-width: 767px) 82vw, 740px\" \/><\/p>","protected":false},"excerpt":{"rendered":"<p>\u00c9cris tes 5 souhaits sur les p\u00e9tales, cherche la signification des couleurs si tu d\u00e9sires les colorier et offre ta fleur \u00e0 quelqu\u2019un. N\u2019oublie pas de lui demander de faire la m\u00eame chose \u00e0 son tour et commence ainsi ta cha\u00eene de bonheur.<\/p>","protected":false},"featured_media":356,"comment_status":"open","ping_status":"closed","template":"","meta":{"om_disable_all_campaigns":false},"product_brand":[],"product_cat":[28],"product_tag":[],"class_list":{"0":"post-2468","1":"product","2":"type-product","3":"status-publish","4":"has-post-thumbnail","6":"product_cat-cartes-postales","8":"first","9":"instock","10":"shipping-taxable","11":"purchasable","12":"product-type-simple"},"jetpack_sharing_enabled":true,"post_mailing_queue_ids":[],"_links":{"self":[{"href":"https:\/\/stepbystep-book.ch\/en\/wp-json\/wp\/v2\/product\/2468","targetHints":{"allow":["GET"]}}],"collection":[{"href":"https:\/\/stepbystep-book.ch\/en\/wp-json\/wp\/v2\/product"}],"about":[{"href":"https:\/\/stepbystep-book.ch\/en\/wp-json\/wp\/v2\/types\/product"}],"replies":[{"embeddable":true,"href":"https:\/\/stepbystep-book.ch\/en\/wp-json\/wp\/v2\/comments?post=2468"}],"wp:featuredmedia":[{"embeddable":true,"href":"https:\/\/stepbystep-book.ch\/en\/wp-json\/wp\/v2\/media\/356"}],"wp:attachment":[{"href":"https:\/\/stepbystep-book.ch\/en\/wp-json\/wp\/v2\/media?parent=2468"}],"wp:term":[{"taxonomy":"product_brand","embeddable":true,"href":"https:\/\/stepbystep-book.ch\/en\/wp-json\/wp\/v2\/product_brand?post=2468"},{"taxonomy":"product_cat","embeddable":true,"href":"https:\/\/stepbystep-book.ch\/en\/wp-json\/wp\/v2\/product_cat?post=2468"},{"taxonomy":"product_tag","embeddable":true,"href":"https:\/\/stepbystep-book.ch\/en\/wp-json\/wp\/v2\/product_tag?post=2468"}],"curies":[{"name":"wp","href":"https:\/\/api.w.org\/{rel}","templated":true}]}}