{"id":2465,"date":"2022-07-14T18:08:33","date_gmt":"2022-07-14T18:08:33","guid":{"rendered":"https:\/\/stepbystep-book.ch\/produit\/hoodie-with-logo\/"},"modified":"2022-07-17T20:05:04","modified_gmt":"2022-07-17T20:05:04","slug":"zodiac-book","status":"publish","type":"product","link":"https:\/\/stepbystep-book.ch\/en\/product\/zodiac-book\/","title":{"rendered":"Step by Step Zodiac Book"},"content":{"rendered":"<p>\u00ab\u00a0Step by Step Zodiac Book\u00a0\u00bb c&rsquo;est un agenda de 6o pages o\u00f9 vous pourrez noter l&rsquo;anniversaire de vos proches et ami(e)s par signe du zodiac.<\/p>\n<p>Format: A5 (14,8 x 21 cm)<br \/>\nInside pages: 135g mat paper,<br \/>\nCover: 250g glossy paper<\/p>\n<p>Vous pouvez les commander ici au prix de CHF 15.- (frais d&rsquo;envoi inclus). Paiement par TWINT 076 451 05 79 ou par virement bancaire Fabiola Wunderlin IBAN CH09 0900 0000 1438 4254 5<\/p>\n<p>Vous voulez offrir un agenda \u00ab\u00a0Zodiac Book\u00a0\u00bb \u00e0 quelqu&rsquo;un ? envoyez-moi son pr\u00e9nom, nom et adresse avec un petit mot \u00e0 son intention et je l&rsquo;enverrai pour vous.<\/p>","protected":false},"excerpt":{"rendered":"<p>\u00ab\u00a0Step by Step Zodiac Book\u00a0\u00bb c&rsquo;est un agenda de 6o pages o\u00f9 vous pourrez noter l&rsquo;anniversaire de vos proches et ami(e)s par signe du zodiac.<\/p>","protected":false},"featured_media":404,"comment_status":"open","ping_status":"closed","template":"","meta":{"om_disable_all_campaigns":false},"product_brand":[],"product_cat":[21],"product_tag":[],"class_list":{"0":"post-2465","1":"product","2":"type-product","3":"status-publish","4":"has-post-thumbnail","6":"product_cat-livrets","8":"first","9":"instock","10":"shipping-taxable","11":"purchasable","12":"product-type-simple"},"jetpack_sharing_enabled":true,"post_mailing_queue_ids":[],"_links":{"self":[{"href":"https:\/\/stepbystep-book.ch\/en\/wp-json\/wp\/v2\/product\/2465","targetHints":{"allow":["GET"]}}],"collection":[{"href":"https:\/\/stepbystep-book.ch\/en\/wp-json\/wp\/v2\/product"}],"about":[{"href":"https:\/\/stepbystep-book.ch\/en\/wp-json\/wp\/v2\/types\/product"}],"replies":[{"embeddable":true,"href":"https:\/\/stepbystep-book.ch\/en\/wp-json\/wp\/v2\/comments?post=2465"}],"wp:featuredmedia":[{"embeddable":true,"href":"https:\/\/stepbystep-book.ch\/en\/wp-json\/wp\/v2\/media\/404"}],"wp:attachment":[{"href":"https:\/\/stepbystep-book.ch\/en\/wp-json\/wp\/v2\/media?parent=2465"}],"wp:term":[{"taxonomy":"product_brand","embeddable":true,"href":"https:\/\/stepbystep-book.ch\/en\/wp-json\/wp\/v2\/product_brand?post=2465"},{"taxonomy":"product_cat","embeddable":true,"href":"https:\/\/stepbystep-book.ch\/en\/wp-json\/wp\/v2\/product_cat?post=2465"},{"taxonomy":"product_tag","embeddable":true,"href":"https:\/\/stepbystep-book.ch\/en\/wp-json\/wp\/v2\/product_tag?post=2465"}],"curies":[{"name":"wp","href":"https:\/\/api.w.org\/{rel}","templated":true}]}}