{"id":9,"date":"2020-08-28T14:34:05","date_gmt":"2020-08-28T14:34:05","guid":{"rendered":"https:\/\/stepbystep-book.ch\/?page_id=9"},"modified":"2021-03-27T14:26:50","modified_gmt":"2021-03-27T14:26:50","slug":"cours-stages","status":"publish","type":"page","link":"https:\/\/stepbystep-book.ch\/en\/cours-stages\/","title":{"rendered":"Cours &#8211; Stages"},"content":{"rendered":"<div data-elementor-type=\"wp-page\" data-elementor-id=\"9\" class=\"elementor elementor-9\">\n\t\t\t\t\t\t<section class=\"elementor-section elementor-top-section elementor-element elementor-element-2b4f0b11 elementor-section-height-min-height elementor-section-items-top elementor-section-boxed elementor-section-height-default\" data-id=\"2b4f0b11\" data-element_type=\"section\" data-settings=\"{&quot;background_background&quot;:&quot;classic&quot;}\">\n\t\t\t\t\t\t\t<div class=\"elementor-background-overlay\"><\/div>\n\t\t\t\t\t\t\t<div class=\"elementor-container elementor-column-gap-default\">\n\t\t\t\t\t<div class=\"elementor-column elementor-col-50 elementor-top-column elementor-element elementor-element-f8111ea\" data-id=\"f8111ea\" data-element_type=\"column\">\n\t\t\t<div class=\"elementor-widget-wrap elementor-element-populated\">\n\t\t\t\t\t\t<section class=\"elementor-section elementor-inner-section elementor-element elementor-element-2bd4a65 elementor-section-boxed elementor-section-height-default elementor-section-height-default\" data-id=\"2bd4a65\" data-element_type=\"section\">\n\t\t\t\t\t\t\t<div class=\"elementor-background-overlay\"><\/div>\n\t\t\t\t\t\t\t<div class=\"elementor-container elementor-column-gap-default\">\n\t\t\t\t\t<div class=\"elementor-column elementor-col-100 elementor-inner-column elementor-element elementor-element-e5a4d1b\" data-id=\"e5a4d1b\" data-element_type=\"column\">\n\t\t\t<div class=\"elementor-widget-wrap elementor-element-populated\">\n\t\t\t\t\t\t<div class=\"elementor-element elementor-element-2f49425 elementor-widget elementor-widget-text-editor\" data-id=\"2f49425\" data-element_type=\"widget\" data-widget_type=\"text-editor.default\">\n\t\t\t\t<div class=\"elementor-widget-container\">\n\t\t\t\t\t\t\t\t\t<p><br \/>Le livret <b>\u00ab\u00a0Step by Step Collage Book\u00a0\u00bb <\/b>avec des diff\u00e9rentes techniques ainsi que des pages o\u00f9 vous pourrez noter vos commentaires et projets de cr\u00e9ation, vous sera offert \u00e0 l&rsquo;achat d&rsquo;une carte de 12 heures.<br \/><br \/><\/p>\t\t\t\t\t\t\t\t<\/div>\n\t\t\t\t<\/div>\n\t\t\t\t<div class=\"elementor-element elementor-element-b4bb6a6 elementor-widget elementor-widget-image\" data-id=\"b4bb6a6\" data-element_type=\"widget\" data-widget_type=\"image.default\">\n\t\t\t\t<div class=\"elementor-widget-container\">\n\t\t\t\t\t\t\t\t\t\t\t\t\t\t\t<img fetchpriority=\"high\" decoding=\"async\" width=\"431\" height=\"607\" src=\"https:\/\/stepbystep-book.ch\/wp-content\/uploads\/2021\/03\/couverture-collage-book.jpg\" class=\"attachment-large size-large wp-image-402\" alt=\"\" srcset=\"https:\/\/stepbystep-book.ch\/wp-content\/uploads\/2021\/03\/couverture-collage-book.jpg 431w, https:\/\/stepbystep-book.ch\/wp-content\/uploads\/2021\/03\/couverture-collage-book-250x352.jpg 250w, https:\/\/stepbystep-book.ch\/wp-content\/uploads\/2021\/03\/couverture-collage-book-350x493.jpg 350w, https:\/\/stepbystep-book.ch\/wp-content\/uploads\/2021\/03\/couverture-collage-book-213x300.jpg 213w\" sizes=\"100vw\" \/>\t\t\t\t\t\t\t\t\t\t\t\t\t\t\t<\/div>\n\t\t\t\t<\/div>\n\t\t\t\t<div class=\"elementor-element elementor-element-9f324f6 elementor-widget elementor-widget-text-editor\" data-id=\"9f324f6\" data-element_type=\"widget\" data-widget_type=\"text-editor.default\">\n\t\t\t\t<div class=\"elementor-widget-container\">\n\t\t\t\t\t\t\t\t\t<p><strong><br \/>Atelier de la gare<br \/><\/strong>Chemin de la Gare 4<br \/>1815 La tour de Peilz<\/p><p>ou:<br \/>Chemin du Clos-Derrey 27<br \/>1614 Granges (Veveyse)<\/p><p>Fabiola Wunderlin<br \/>T\u00e9l\u00e9phone: <strong>076 451 05 79<\/strong><\/p><p>\u00a0<\/p>\t\t\t\t\t\t\t\t<\/div>\n\t\t\t\t<\/div>\n\t\t\t\t\t<\/div>\n\t\t<\/div>\n\t\t\t\t\t<\/div>\n\t\t<\/section>\n\t\t\t\t\t<\/div>\n\t\t<\/div>\n\t\t\t\t<div class=\"elementor-column elementor-col-50 elementor-top-column elementor-element elementor-element-8528fbd\" data-id=\"8528fbd\" data-element_type=\"column\">\n\t\t\t<div class=\"elementor-widget-wrap elementor-element-populated\">\n\t\t\t\t\t\t<section class=\"elementor-section elementor-inner-section elementor-element elementor-element-30c6132 elementor-section-boxed elementor-section-height-default elementor-section-height-default\" data-id=\"30c6132\" data-element_type=\"section\">\n\t\t\t\t\t\t\t<div class=\"elementor-background-overlay\"><\/div>\n\t\t\t\t\t\t\t<div class=\"elementor-container elementor-column-gap-default\">\n\t\t\t\t\t<div class=\"elementor-column elementor-col-100 elementor-inner-column elementor-element elementor-element-d26398c\" data-id=\"d26398c\" data-element_type=\"column\">\n\t\t\t<div class=\"elementor-widget-wrap elementor-element-populated\">\n\t\t\t\t\t\t<div class=\"elementor-element elementor-element-a99e469 elementor-widget elementor-widget-shortcode\" data-id=\"a99e469\" data-element_type=\"widget\" data-widget_type=\"shortcode.default\">\n\t\t\t\t<div class=\"elementor-widget-container\">\n\t\t\t\t\t\t\t<div class=\"elementor-shortcode\">\n<div class=\"wpcf7 no-js\" id=\"wpcf7-f821-o1\" lang=\"fr-FR\" dir=\"ltr\" data-wpcf7-id=\"821\">\n<div class=\"screen-reader-response\"><p role=\"status\" aria-live=\"polite\" aria-atomic=\"true\"><\/p> <ul><\/ul><\/div>\n<form action=\"\/en\/wp-json\/wp\/v2\/pages\/9#wpcf7-f821-o1\" method=\"post\" class=\"wpcf7-form init\" aria-label=\"Formulaire de contact\" novalidate=\"novalidate\" data-status=\"init\" data-trp-original-action=\"\/en\/wp-json\/wp\/v2\/pages\/9#wpcf7-f821-o1\">\n<fieldset class=\"hidden-fields-container\"><input type=\"hidden\" name=\"_wpcf7\" value=\"821\" \/><input type=\"hidden\" name=\"_wpcf7_version\" value=\"6.1.3\" \/><input type=\"hidden\" name=\"_wpcf7_locale\" value=\"fr_FR\" \/><input type=\"hidden\" name=\"_wpcf7_unit_tag\" value=\"wpcf7-f821-o1\" \/><input type=\"hidden\" name=\"_wpcf7_container_post\" value=\"0\" \/><input type=\"hidden\" name=\"_wpcf7_posted_data_hash\" value=\"\" \/><input type=\"hidden\" name=\"_wpcf7_recaptcha_response\" value=\"\" \/>\n<\/fieldset>\n<p><label> Nom\/pr\u00e9nom (obligatoire)<br \/>\n<span class=\"wpcf7-form-control-wrap\" data-name=\"your-name\"><input size=\"40\" maxlength=\"400\" class=\"wpcf7-form-control wpcf7-text wpcf7-validates-as-required\" aria-required=\"true\" aria-invalid=\"false\" value=\"\" type=\"text\" name=\"your-name\" \/><\/span> <\/label>\n<\/p>\n<p><label> Email (obligatoire)<br \/>\n<span class=\"wpcf7-form-control-wrap\" data-name=\"your-email\"><input size=\"40\" maxlength=\"400\" class=\"wpcf7-form-control wpcf7-email wpcf7-validates-as-required wpcf7-text wpcf7-validates-as-email\" aria-required=\"true\" aria-invalid=\"false\" value=\"\" type=\"email\" name=\"your-email\" \/><\/span> <\/label>\n<\/p>\n<p><label> T\u00e9l\u00e9phone<br \/>\n<span class=\"wpcf7-form-control-wrap\" data-name=\"your-tel\"><input size=\"40\" maxlength=\"400\" class=\"wpcf7-form-control wpcf7-tel wpcf7-text wpcf7-validates-as-tel\" aria-invalid=\"false\" value=\"\" type=\"tel\" name=\"your-tel\" \/><\/span><\/label><br \/>\n<label>Cours<\/label><span class=\"wpcf7-form-control-wrap\" data-name=\"Coursmercredienfant\"><span class=\"wpcf7-form-control wpcf7-checkbox\"><span class=\"wpcf7-list-item first last\"><label><input type=\"checkbox\" name=\"Coursmercredienfant[]\" value=\"Mercredi: 12h45 \u2013 14h45 \/ enfants\" \/><span class=\"wpcf7-list-item-label\">Mercredi: 12h45 \u2013 14h45 \/ enfants<\/span><\/label><\/span><\/span><\/span><br \/>\n<span class=\"wpcf7-form-control-wrap\" data-name=\"Coursmercrediadulte\"><span class=\"wpcf7-form-control wpcf7-checkbox\"><span class=\"wpcf7-list-item first last\"><label><input type=\"checkbox\" name=\"Coursmercrediadulte[]\" value=\"Mercredi: 09h00 \u2013 11h00 \/ adultes\" \/><span class=\"wpcf7-list-item-label\">Mercredi: 09h00 \u2013 11h00 \/ adultes<\/span><\/label><\/span><\/span><\/span>\n<\/p>\n<p><label> Stages Vacances de P\u00e2ques - 5 au 9:<\/label><label>Matin:<\/label><span class=\"wpcf7-form-control-wrap\" data-name=\"Stagematin\"><span class=\"wpcf7-form-control wpcf7-checkbox\"><span class=\"wpcf7-list-item first\"><label><input type=\"checkbox\" name=\"Stagematin[]\" value=\"Lundi\" \/><span class=\"wpcf7-list-item-label\">Lundi<\/span><\/label><\/span><span class=\"wpcf7-list-item\"><label><input type=\"checkbox\" name=\"Stagematin[]\" value=\"Mardi\" \/><span class=\"wpcf7-list-item-label\">Mardi<\/span><\/label><\/span><span class=\"wpcf7-list-item\"><label><input type=\"checkbox\" name=\"Stagematin[]\" value=\"Mercredi\" \/><span class=\"wpcf7-list-item-label\">Mercredi<\/span><\/label><\/span><span class=\"wpcf7-list-item\"><label><input type=\"checkbox\" name=\"Stagematin[]\" value=\"Jeudi\" \/><span class=\"wpcf7-list-item-label\">Jeudi<\/span><\/label><\/span><span class=\"wpcf7-list-item last\"><label><input type=\"checkbox\" name=\"Stagematin[]\" value=\"Vendredi\" \/><span class=\"wpcf7-list-item-label\">Vendredi<\/span><\/label><\/span><\/span><\/span><br \/>\n<label> Apr\u00e8s-midi:<\/label><span class=\"wpcf7-form-control-wrap\" data-name=\"Stageapresmidi\"><span class=\"wpcf7-form-control wpcf7-checkbox\"><span class=\"wpcf7-list-item first\"><label><input type=\"checkbox\" name=\"Stageapresmidi[]\" value=\"Lundi\" \/><span class=\"wpcf7-list-item-label\">Lundi<\/span><\/label><\/span><span class=\"wpcf7-list-item\"><label><input type=\"checkbox\" name=\"Stageapresmidi[]\" value=\"Mardi\" \/><span class=\"wpcf7-list-item-label\">Mardi<\/span><\/label><\/span><span class=\"wpcf7-list-item\"><label><input type=\"checkbox\" name=\"Stageapresmidi[]\" value=\"Mercrdi\" \/><span class=\"wpcf7-list-item-label\">Mercrdi<\/span><\/label><\/span><span class=\"wpcf7-list-item\"><label><input type=\"checkbox\" name=\"Stageapresmidi[]\" value=\"Jeudi\" \/><span class=\"wpcf7-list-item-label\">Jeudi<\/span><\/label><\/span><span class=\"wpcf7-list-item last\"><label><input type=\"checkbox\" name=\"Stageapresmidi[]\" value=\"Vendredi\" \/><span class=\"wpcf7-list-item-label\">Vendredi<\/span><\/label><\/span><\/span><\/span><br \/>\n<label> Journ\u00e9e:<\/label><span class=\"wpcf7-form-control-wrap\" data-name=\"Stagejournee\"><span class=\"wpcf7-form-control wpcf7-checkbox\"><span class=\"wpcf7-list-item first\"><label><input type=\"checkbox\" name=\"Stagejournee[]\" value=\"Lundi\" \/><span class=\"wpcf7-list-item-label\">Lundi<\/span><\/label><\/span><span class=\"wpcf7-list-item\"><label><input type=\"checkbox\" name=\"Stagejournee[]\" value=\"Mardi\" \/><span class=\"wpcf7-list-item-label\">Mardi<\/span><\/label><\/span><span class=\"wpcf7-list-item\"><label><input type=\"checkbox\" name=\"Stagejournee[]\" value=\"Mercredi\" \/><span class=\"wpcf7-list-item-label\">Mercredi<\/span><\/label><\/span><span class=\"wpcf7-list-item\"><label><input type=\"checkbox\" name=\"Stagejournee[]\" value=\"Jeudi\" \/><span class=\"wpcf7-list-item-label\">Jeudi<\/span><\/label><\/span><span class=\"wpcf7-list-item last\"><label><input type=\"checkbox\" name=\"Stagejournee[]\" value=\"Vendredi\" \/><span class=\"wpcf7-list-item-label\">Vendredi<\/span><\/label><\/span><\/span><\/span>\n<\/p>\n<p><label> Stages Vacances de P\u00e2ques - 12 au 16:<\/label><label>Matin:<\/label><span class=\"wpcf7-form-control-wrap\" data-name=\"matin12-16\"><span class=\"wpcf7-form-control wpcf7-checkbox\"><span class=\"wpcf7-list-item first\"><label><input type=\"checkbox\" name=\"matin12-16[]\" value=\"Lundi\" \/><span class=\"wpcf7-list-item-label\">Lundi<\/span><\/label><\/span><span class=\"wpcf7-list-item\"><label><input type=\"checkbox\" name=\"matin12-16[]\" value=\"Mardi\" \/><span class=\"wpcf7-list-item-label\">Mardi<\/span><\/label><\/span><span class=\"wpcf7-list-item\"><label><input type=\"checkbox\" name=\"matin12-16[]\" value=\"Mercredi\" \/><span class=\"wpcf7-list-item-label\">Mercredi<\/span><\/label><\/span><span class=\"wpcf7-list-item\"><label><input type=\"checkbox\" name=\"matin12-16[]\" value=\"Jeudi\" \/><span class=\"wpcf7-list-item-label\">Jeudi<\/span><\/label><\/span><span class=\"wpcf7-list-item last\"><label><input type=\"checkbox\" name=\"matin12-16[]\" value=\"Vendredi\" \/><span class=\"wpcf7-list-item-label\">Vendredi<\/span><\/label><\/span><\/span><\/span><br \/>\n<label> Apr\u00e8s-midi:<\/label><span class=\"wpcf7-form-control-wrap\" data-name=\"apres-midi\"><span class=\"wpcf7-form-control wpcf7-checkbox\"><span class=\"wpcf7-list-item first\"><label><input type=\"checkbox\" name=\"apres-midi[]\" value=\"Lundi\" \/><span class=\"wpcf7-list-item-label\">Lundi<\/span><\/label><\/span><span class=\"wpcf7-list-item\"><label><input type=\"checkbox\" name=\"apres-midi[]\" value=\"Mardi\" \/><span class=\"wpcf7-list-item-label\">Mardi<\/span><\/label><\/span><span class=\"wpcf7-list-item\"><label><input type=\"checkbox\" name=\"apres-midi[]\" value=\"Mercredi\" \/><span class=\"wpcf7-list-item-label\">Mercredi<\/span><\/label><\/span><span class=\"wpcf7-list-item\"><label><input type=\"checkbox\" name=\"apres-midi[]\" value=\"Jeudi\" \/><span class=\"wpcf7-list-item-label\">Jeudi<\/span><\/label><\/span><span class=\"wpcf7-list-item last\"><label><input type=\"checkbox\" name=\"apres-midi[]\" value=\"Vendredi\" \/><span class=\"wpcf7-list-item-label\">Vendredi<\/span><\/label><\/span><\/span><\/span><br \/>\n<label> Journ\u00e9e:<\/label><span class=\"wpcf7-form-control-wrap\" data-name=\"journee\"><span class=\"wpcf7-form-control wpcf7-checkbox\"><span class=\"wpcf7-list-item first\"><label><input type=\"checkbox\" name=\"journee[]\" value=\"Lundi\" \/><span class=\"wpcf7-list-item-label\">Lundi<\/span><\/label><\/span><span class=\"wpcf7-list-item\"><label><input type=\"checkbox\" name=\"journee[]\" value=\"Mardi\" \/><span class=\"wpcf7-list-item-label\">Mardi<\/span><\/label><\/span><span class=\"wpcf7-list-item\"><label><input type=\"checkbox\" name=\"journee[]\" value=\"Mercredi\" \/><span class=\"wpcf7-list-item-label\">Mercredi<\/span><\/label><\/span><span class=\"wpcf7-list-item\"><label><input type=\"checkbox\" name=\"journee[]\" value=\"Jeudi\" \/><span class=\"wpcf7-list-item-label\">Jeudi<\/span><\/label><\/span><span class=\"wpcf7-list-item last\"><label><input type=\"checkbox\" name=\"journee[]\" value=\"Vendredi\" \/><span class=\"wpcf7-list-item-label\">Vendredi<\/span><\/label><\/span><\/span><\/span>\n<\/p>\n<p><label> Votre demande sp\u00e9cifique<br \/>\n<span class=\"wpcf7-form-control-wrap\" data-name=\"your-message\"><textarea cols=\"40\" rows=\"10\" maxlength=\"2000\" class=\"wpcf7-form-control wpcf7-textarea\" aria-invalid=\"false\" name=\"your-message\"><\/textarea><\/span> <\/label>\n<\/p>\n<p><input class=\"wpcf7-form-control wpcf7-submit has-spinner\" type=\"submit\" value=\"Envoyer\" \/>\n<\/p><div class=\"wpcf7-response-output\" aria-hidden=\"true\"><\/div>\n<input type=\"hidden\" name=\"trp-form-language\" value=\"en\"\/><\/form>\n<\/div>\n<\/div>\n\t\t\t\t\t\t<\/div>\n\t\t\t\t<\/div>\n\t\t\t\t\t<\/div>\n\t\t<\/div>\n\t\t\t\t\t<\/div>\n\t\t<\/section>\n\t\t\t\t\t<\/div>\n\t\t<\/div>\n\t\t\t\t\t<\/div>\n\t\t<\/section>\n\t\t\t\t<\/div>","protected":false},"excerpt":{"rendered":"<p>Le livret \u00ab\u00a0Step by Step Collage Book\u00a0\u00bb avec des diff\u00e9rentes techniques ainsi que des pages o\u00f9 vous pourrez noter vos commentaires et projets de cr\u00e9ation, vous sera offert \u00e0 l&rsquo;achat d&rsquo;une carte de 12 heures. Atelier de la gareChemin de la Gare 41815 La tour de Peilz ou:Chemin du Clos-Derrey 271614 Granges (Veveyse) Fabiola WunderlinT\u00e9l\u00e9phone: &hellip; <\/p>\n<p class=\"link-more\"><a href=\"https:\/\/stepbystep-book.ch\/en\/cours-stages\/\" class=\"more-link\">Continue reading<span class=\"screen-reader-text\"> \u00ab\u00a0Cours &#8211; Stages\u00a0\u00bb<\/span><\/a><\/p>","protected":false},"author":1,"featured_media":0,"parent":0,"menu_order":0,"comment_status":"closed","ping_status":"closed","template":"elementor_header_footer","meta":{"om_disable_all_campaigns":false,"footnotes":""},"class_list":["post-9","page","type-page","status-publish","hentry"],"jetpack_sharing_enabled":true,"post_mailing_queue_ids":[],"_links":{"self":[{"href":"https:\/\/stepbystep-book.ch\/en\/wp-json\/wp\/v2\/pages\/9","targetHints":{"allow":["GET"]}}],"collection":[{"href":"https:\/\/stepbystep-book.ch\/en\/wp-json\/wp\/v2\/pages"}],"about":[{"href":"https:\/\/stepbystep-book.ch\/en\/wp-json\/wp\/v2\/types\/page"}],"author":[{"embeddable":true,"href":"https:\/\/stepbystep-book.ch\/en\/wp-json\/wp\/v2\/users\/1"}],"replies":[{"embeddable":true,"href":"https:\/\/stepbystep-book.ch\/en\/wp-json\/wp\/v2\/comments?post=9"}],"version-history":[{"count":133,"href":"https:\/\/stepbystep-book.ch\/en\/wp-json\/wp\/v2\/pages\/9\/revisions"}],"predecessor-version":[{"id":924,"href":"https:\/\/stepbystep-book.ch\/en\/wp-json\/wp\/v2\/pages\/9\/revisions\/924"}],"wp:attachment":[{"href":"https:\/\/stepbystep-book.ch\/en\/wp-json\/wp\/v2\/media?parent=9"}],"curies":[{"name":"wp","href":"https:\/\/api.w.org\/{rel}","templated":true}]}}