{"id":731,"date":"2021-03-26T16:42:31","date_gmt":"2021-03-26T16:42:31","guid":{"rendered":"https:\/\/stepbystep-book.ch\/?page_id=731"},"modified":"2023-03-11T21:25:31","modified_gmt":"2023-03-11T21:25:31","slug":"affiche-collage-femmes","status":"publish","type":"page","link":"https:\/\/stepbystep-book.ch\/en\/affiche-collage-femmes\/","title":{"rendered":"Affiche collage \u00ab\u00a0Femmes\u00a0\u00bb"},"content":{"rendered":"<div data-elementor-type=\"wp-page\" data-elementor-id=\"731\" class=\"elementor elementor-731\">\n\t\t\t\t\t\t<section class=\"elementor-section elementor-top-section elementor-element elementor-element-afbd29d elementor-section-boxed elementor-section-height-default elementor-section-height-default\" data-id=\"afbd29d\" data-element_type=\"section\">\n\t\t\t\t\t\t<div class=\"elementor-container elementor-column-gap-default\">\n\t\t\t\t\t<div class=\"elementor-column elementor-col-50 elementor-top-column elementor-element elementor-element-02c5056\" data-id=\"02c5056\" data-element_type=\"column\">\n\t\t\t<div class=\"elementor-widget-wrap elementor-element-populated\">\n\t\t\t\t\t\t<div class=\"elementor-element elementor-element-2768cba elementor-widget elementor-widget-image\" data-id=\"2768cba\" data-element_type=\"widget\" data-settings=\"{&quot;_animation&quot;:&quot;none&quot;}\" data-widget_type=\"image.default\">\n\t\t\t\t<div class=\"elementor-widget-container\">\n\t\t\t\t\t\t\t\t\t\t\t\t<figure class=\"wp-caption\">\n\t\t\t\t\t\t\t\t\t\t<img fetchpriority=\"high\" decoding=\"async\" width=\"600\" height=\"848\" src=\"https:\/\/stepbystep-book.ch\/wp-content\/uploads\/2021\/03\/femmes-21x15-2.jpg\" class=\"attachment-full size-full wp-image-787\" alt=\"\" srcset=\"https:\/\/stepbystep-book.ch\/wp-content\/uploads\/2021\/03\/femmes-21x15-2.jpg 600w, https:\/\/stepbystep-book.ch\/wp-content\/uploads\/2021\/03\/femmes-21x15-2-250x353.jpg 250w, https:\/\/stepbystep-book.ch\/wp-content\/uploads\/2021\/03\/femmes-21x15-2-350x495.jpg 350w, https:\/\/stepbystep-book.ch\/wp-content\/uploads\/2021\/03\/femmes-21x15-2-212x300.jpg 212w\" sizes=\"100vw\" \/>\t\t\t\t\t\t\t\t\t\t\t<figcaption class=\"widget-image-caption wp-caption-text\"><\/figcaption>\n\t\t\t\t\t\t\t\t\t\t<\/figure>\n\t\t\t\t\t\t\t\t\t<\/div>\n\t\t\t\t<\/div>\n\t\t\t\t\t<\/div>\n\t\t<\/div>\n\t\t\t\t<div class=\"elementor-column elementor-col-50 elementor-top-column elementor-element elementor-element-20eaf7b\" data-id=\"20eaf7b\" data-element_type=\"column\">\n\t\t\t<div class=\"elementor-widget-wrap elementor-element-populated\">\n\t\t\t\t\t\t<div class=\"elementor-element elementor-element-d5eb233 elementor-widget elementor-widget-shortcode\" data-id=\"d5eb233\" data-element_type=\"widget\" data-widget_type=\"shortcode.default\">\n\t\t\t\t<div class=\"elementor-widget-container\">\n\t\t\t\t\t\t\t<div class=\"elementor-shortcode\">Women\" collage poster\n<br><br>\nFormat A3 (29,7 \u00d7 42cm)<br>\n170gr mat coated paper<br>\n<br>\nCHF 12.00\n(including shipping within Switzerland for purchases over CHF 20.-)<\/div>\n\t\t\t\t\t\t<\/div>\n\t\t\t\t<\/div>\n\t\t\t\t<div class=\"elementor-element elementor-element-21a57ca elementor-widget elementor-widget-button\" data-id=\"21a57ca\" data-element_type=\"widget\" data-widget_type=\"button.default\">\n\t\t\t\t<div class=\"elementor-widget-container\">\n\t\t\t\t\t\t\t\t\t<div class=\"elementor-button-wrapper\">\n\t\t\t\t\t<a class=\"elementor-button elementor-button-link elementor-size-sm\" href=\"https:\/\/stepbystep-book.ch\/en\/boutique\/\">\n\t\t\t\t\t\t<span class=\"elementor-button-content-wrapper\">\n\t\t\t\t\t\t\t\t\t<span class=\"elementor-button-text\">Go to our shop<\/span>\n\t\t\t\t\t<\/span>\n\t\t\t\t\t<\/a>\n\t\t\t\t<\/div>\n\t\t\t\t\t\t\t\t<\/div>\n\t\t\t\t<\/div>\n\t\t\t\t\t<\/div>\n\t\t<\/div>\n\t\t\t\t\t<\/div>\n\t\t<\/section>\n\t\t\t\t<\/div>","protected":false},"excerpt":{"rendered":"<p>Affiche collage \u00ab\u00a0Femmes \u00ab\u00a0 Format A3 (29,7 \u00d7 42cm) Papier 170gr couch\u00e9 mat CHF 12.- (frais d&rsquo;envoi en Suisse inclus d\u00e8s CHF 20.- d&rsquo;achat) Aller \u00e0 notre boutique<\/p>","protected":false},"author":1,"featured_media":0,"parent":0,"menu_order":0,"comment_status":"closed","ping_status":"closed","template":"elementor_header_footer","meta":{"om_disable_all_campaigns":false,"footnotes":""},"class_list":["post-731","page","type-page","status-publish","hentry"],"jetpack_sharing_enabled":true,"post_mailing_queue_ids":[],"_links":{"self":[{"href":"https:\/\/stepbystep-book.ch\/en\/wp-json\/wp\/v2\/pages\/731","targetHints":{"allow":["GET"]}}],"collection":[{"href":"https:\/\/stepbystep-book.ch\/en\/wp-json\/wp\/v2\/pages"}],"about":[{"href":"https:\/\/stepbystep-book.ch\/en\/wp-json\/wp\/v2\/types\/page"}],"author":[{"embeddable":true,"href":"https:\/\/stepbystep-book.ch\/en\/wp-json\/wp\/v2\/users\/1"}],"replies":[{"embeddable":true,"href":"https:\/\/stepbystep-book.ch\/en\/wp-json\/wp\/v2\/comments?post=731"}],"version-history":[{"count":40,"href":"https:\/\/stepbystep-book.ch\/en\/wp-json\/wp\/v2\/pages\/731\/revisions"}],"predecessor-version":[{"id":2835,"href":"https:\/\/stepbystep-book.ch\/en\/wp-json\/wp\/v2\/pages\/731\/revisions\/2835"}],"wp:attachment":[{"href":"https:\/\/stepbystep-book.ch\/en\/wp-json\/wp\/v2\/media?parent=731"}],"curies":[{"name":"wp","href":"https:\/\/api.w.org\/{rel}","templated":true}]}}