{"id":457,"date":"2021-03-07T14:14:31","date_gmt":"2021-03-07T14:14:31","guid":{"rendered":"https:\/\/stepbystep-book.ch\/?page_id=457"},"modified":"2023-06-21T09:11:58","modified_gmt":"2023-06-21T09:11:58","slug":"collage-book","status":"publish","type":"page","link":"https:\/\/stepbystep-book.ch\/en\/collage-book\/","title":{"rendered":"Collage Book"},"content":{"rendered":"<div data-elementor-type=\"wp-page\" data-elementor-id=\"457\" class=\"elementor elementor-457\">\n\t\t\t\t\t\t<section class=\"elementor-section elementor-top-section elementor-element elementor-element-afbd29d elementor-section-boxed elementor-section-height-default elementor-section-height-default\" data-id=\"afbd29d\" data-element_type=\"section\">\n\t\t\t\t\t\t<div class=\"elementor-container elementor-column-gap-default\">\n\t\t\t\t\t<div class=\"elementor-column elementor-col-50 elementor-top-column elementor-element elementor-element-02c5056\" data-id=\"02c5056\" data-element_type=\"column\">\n\t\t\t<div class=\"elementor-widget-wrap elementor-element-populated\">\n\t\t\t\t\t\t<div class=\"elementor-element elementor-element-5a51db0 elementor-widget elementor-widget-image\" data-id=\"5a51db0\" data-element_type=\"widget\" data-settings=\"{&quot;_animation&quot;:&quot;none&quot;}\" data-widget_type=\"image.default\">\n\t\t\t\t<div class=\"elementor-widget-container\">\n\t\t\t\t\t\t\t\t\t\t\t\t\t\t\t<img fetchpriority=\"high\" decoding=\"async\" width=\"431\" height=\"607\" src=\"https:\/\/stepbystep-book.ch\/wp-content\/uploads\/2021\/03\/collage-book-anime.gif\" class=\"attachment-large size-large wp-image-501\" alt=\"\" sizes=\"100vw\" \/>\t\t\t\t\t\t\t\t\t\t\t\t\t\t\t<\/div>\n\t\t\t\t<\/div>\n\t\t\t\t\t<\/div>\n\t\t<\/div>\n\t\t\t\t<div class=\"elementor-column elementor-col-50 elementor-top-column elementor-element elementor-element-679bbac\" data-id=\"679bbac\" data-element_type=\"column\">\n\t\t\t<div class=\"elementor-widget-wrap elementor-element-populated\">\n\t\t\t\t\t\t<div class=\"elementor-element elementor-element-a1e9511 elementor-widget elementor-widget-shortcode\" data-id=\"a1e9511\" data-element_type=\"widget\" data-widget_type=\"shortcode.default\">\n\t\t\t\t<div class=\"elementor-widget-container\">\n\t\t\t\t\t\t\t<div class=\"elementor-shortcode\">\"Step by Step Collage Book\" c'est un livret de 44 pages destin\u00e9 aux personnes qui s'int\u00e9ressent \u00e0 la cr\u00e9ation des collages, vous y trouverez diff\u00e9rentes techniques et des pages o\u00f9 vous pourrez noter vos commentaires et projets de cr\u00e9ation.\n\n<br><br>Format: A5 (14,8 x 21 cm)\n<br>Inside pages: 135g mat paper, <br>Cover: 250g glossy paper\n\n<br><br>You can order them here for CHF 15.- Payment by TWINT 076 451 05 79 or bank transfer\nFabiola Wunderlin IBAN CH09 0900 0000 1438 4254 5\n\n<br><br>Vous voulez offrir un livret \"Collage Book\" \u00e0 quelqu'un ? envoyez-moi son pr\u00e9nom, nom et adresse avec un petit mot \u00e0 son intention et je l'enverrai pour vous.\n\n<br><br>Des cours pour les enfants et adultes sont possibles \u00e4 :\n<br><a \n\n<br><a href=\"https:\/\/stepbystep-book.ch\/en\/collages\/\" target=\"_blank\" title=\"Tutoriels HTML\"><span style=\"color: #CC2E72;\">Plus d'information ici<\/a><\/span>\n\n<\/div>\n\t\t\t\t\t\t<\/div>\n\t\t\t\t<\/div>\n\t\t\t\t<div class=\"elementor-element elementor-element-ac257b1 elementor-widget elementor-widget-button\" data-id=\"ac257b1\" data-element_type=\"widget\" data-widget_type=\"button.default\">\n\t\t\t\t<div class=\"elementor-widget-container\">\n\t\t\t\t\t\t\t\t\t<div class=\"elementor-button-wrapper\">\n\t\t\t\t\t<a class=\"elementor-button elementor-button-link elementor-size-sm\" href=\"https:\/\/stepbystep-book.ch\/en\/boutique\/\">\n\t\t\t\t\t\t<span class=\"elementor-button-content-wrapper\">\n\t\t\t\t\t\t\t\t\t<span class=\"elementor-button-text\">Cliquez ici<\/span>\n\t\t\t\t\t<\/span>\n\t\t\t\t\t<\/a>\n\t\t\t\t<\/div>\n\t\t\t\t\t\t\t\t<\/div>\n\t\t\t\t<\/div>\n\t\t\t\t\t<\/div>\n\t\t<\/div>\n\t\t\t\t\t<\/div>\n\t\t<\/section>\n\t\t\t\t<\/div>","protected":false},"excerpt":{"rendered":"<p>\u00ab\u00a0Step by Step Collage Book\u00a0\u00bb c&rsquo;est un livret de 44 pages destin\u00e9 aux personnes qui s&rsquo;int\u00e9ressent \u00e0 la cr\u00e9ation des collages, vous y trouverez diff\u00e9rentes techniques et des pages o\u00f9 vous pourrez noter vos commentaires et projets de cr\u00e9ation. Format: A5 (14,8 x 21 cm) Pages int\u00e9rieures : papier 135g mat, Couverture : papier 250g &hellip; <\/p>\n<p class=\"link-more\"><a href=\"https:\/\/stepbystep-book.ch\/en\/collage-book\/\" class=\"more-link\">Continue reading<span class=\"screen-reader-text\"> \u00ab\u00a0Collage Book\u00a0\u00bb<\/span><\/a><\/p>","protected":false},"author":1,"featured_media":0,"parent":0,"menu_order":0,"comment_status":"closed","ping_status":"closed","template":"elementor_header_footer","meta":{"om_disable_all_campaigns":false,"footnotes":""},"class_list":["post-457","page","type-page","status-publish","hentry"],"jetpack_sharing_enabled":true,"post_mailing_queue_ids":[],"_links":{"self":[{"href":"https:\/\/stepbystep-book.ch\/en\/wp-json\/wp\/v2\/pages\/457","targetHints":{"allow":["GET"]}}],"collection":[{"href":"https:\/\/stepbystep-book.ch\/en\/wp-json\/wp\/v2\/pages"}],"about":[{"href":"https:\/\/stepbystep-book.ch\/en\/wp-json\/wp\/v2\/types\/page"}],"author":[{"embeddable":true,"href":"https:\/\/stepbystep-book.ch\/en\/wp-json\/wp\/v2\/users\/1"}],"replies":[{"embeddable":true,"href":"https:\/\/stepbystep-book.ch\/en\/wp-json\/wp\/v2\/comments?post=457"}],"version-history":[{"count":110,"href":"https:\/\/stepbystep-book.ch\/en\/wp-json\/wp\/v2\/pages\/457\/revisions"}],"predecessor-version":[{"id":2858,"href":"https:\/\/stepbystep-book.ch\/en\/wp-json\/wp\/v2\/pages\/457\/revisions\/2858"}],"wp:attachment":[{"href":"https:\/\/stepbystep-book.ch\/en\/wp-json\/wp\/v2\/media?parent=457"}],"curies":[{"name":"wp","href":"https:\/\/api.w.org\/{rel}","templated":true}]}}