{"id":2933,"date":"2024-12-19T15:13:28","date_gmt":"2024-12-19T15:13:28","guid":{"rendered":"https:\/\/stepbystep-book.ch\/?page_id=2933"},"modified":"2025-02-11T09:06:01","modified_gmt":"2025-02-11T09:06:01","slug":"les-fees-marraines","status":"publish","type":"page","link":"https:\/\/stepbystep-book.ch\/en\/les-fees-marraines\/","title":{"rendered":"Les F\u00e9es Marraines"},"content":{"rendered":"<div data-elementor-type=\"wp-page\" data-elementor-id=\"2933\" class=\"elementor elementor-2933\">\n\t\t\t\t\t\t<section class=\"elementor-section elementor-top-section elementor-element elementor-element-61cd1a03 elementor-section-height-min-height elementor-section-content-middle elementor-section-boxed elementor-section-height-default elementor-section-items-middle\" data-id=\"61cd1a03\" data-element_type=\"section\" data-settings=\"{&quot;background_background&quot;:&quot;classic&quot;}\">\n\t\t\t\t\t\t<div class=\"elementor-container elementor-column-gap-default\">\n\t\t\t\t\t<div class=\"elementor-column elementor-col-100 elementor-top-column elementor-element elementor-element-b9d4825\" data-id=\"b9d4825\" data-element_type=\"column\">\n\t\t\t<div class=\"elementor-widget-wrap elementor-element-populated\">\n\t\t\t\t\t\t<div class=\"elementor-element elementor-element-2bf57b6d elementor-widget-divider--view-line elementor-widget elementor-widget-divider\" data-id=\"2bf57b6d\" data-element_type=\"widget\" data-widget_type=\"divider.default\">\n\t\t\t\t<div class=\"elementor-widget-container\">\n\t\t\t\t\t\t\t<div class=\"elementor-divider\">\n\t\t\t<span class=\"elementor-divider-separator\">\n\t\t\t\t\t\t<\/span>\n\t\t<\/div>\n\t\t\t\t\t\t<\/div>\n\t\t\t\t<\/div>\n\t\t\t\t<div class=\"elementor-element elementor-element-6dd35455 elementor-widget elementor-widget-heading\" data-id=\"6dd35455\" data-element_type=\"widget\" data-widget_type=\"heading.default\">\n\t\t\t\t<div class=\"elementor-widget-container\">\n\t\t\t\t\t<h3 class=\"elementor-heading-title elementor-size-large\">Les F\u00e9es marraines<\/h3>\t\t\t\t<\/div>\n\t\t\t\t<\/div>\n\t\t\t\t<div class=\"elementor-element elementor-element-437b03d elementor-widget elementor-widget-text-editor\" data-id=\"437b03d\" data-element_type=\"widget\" data-widget_type=\"text-editor.default\">\n\t\t\t\t<div class=\"elementor-widget-container\">\n\t\t\t\t\t\t\t\t\t<p>Pour la d\u00e9coration de votre table de nuit, avec bougie led et diff\u00e9rentes couleurs et accessoires, <span style=\"color: var( --e-global-color-text ); font-family: var( --e-global-typography-text-font-family ), Sans-serif;\">15 cm de hauteur, imprim\u00e9s avec imprimante 3D et bioplastique PLA, solution \u00e9cologique.<\/span><\/p><p>Vous voulez offrir une petite f\u00e9e marraine \u00e0 quelqu&rsquo;un ? envoyez-moi son pr\u00e9nom, nom et adresse avec un petit mot \u00e0 son intention et je l&rsquo;enverrai pour vous.<\/p><p>Possibilit\u00e9 de confectionner les petits anges de No\u00ebl \u00e0 votre go\u00fbt, pour plus d&rsquo;information : 076 451 05 79 ou fwunderlin@stepbystep-book<\/p>\t\t\t\t\t\t\t\t<\/div>\n\t\t\t\t<\/div>\n\t\t\t\t<div class=\"elementor-element elementor-element-73f339d elementor-align-center elementor-widget elementor-widget-button\" data-id=\"73f339d\" data-element_type=\"widget\" data-widget_type=\"button.default\">\n\t\t\t\t<div class=\"elementor-widget-container\">\n\t\t\t\t\t\t\t\t\t<div class=\"elementor-button-wrapper\">\n\t\t\t\t\t<a class=\"elementor-button elementor-button-link elementor-size-sm\" href=\"https:\/\/stepbystep-book.ch\/en\/contactez-nous\/\">\n\t\t\t\t\t\t<span class=\"elementor-button-content-wrapper\">\n\t\t\t\t\t\t\t\t\t<span class=\"elementor-button-text\">Contactez-nous<\/span>\n\t\t\t\t\t<\/span>\n\t\t\t\t\t<\/a>\n\t\t\t\t<\/div>\n\t\t\t\t\t\t\t\t<\/div>\n\t\t\t\t<\/div>\n\t\t\t\t\t<\/div>\n\t\t<\/div>\n\t\t\t\t\t<\/div>\n\t\t<\/section>\n\t\t\t\t<section class=\"elementor-section elementor-top-section elementor-element elementor-element-48139f7 elementor-section-boxed elementor-section-height-default elementor-section-height-default\" data-id=\"48139f7\" data-element_type=\"section\">\n\t\t\t\t\t\t<div class=\"elementor-container elementor-column-gap-default\">\n\t\t\t\t\t<div class=\"elementor-column elementor-col-33 elementor-top-column elementor-element elementor-element-5ec8994\" data-id=\"5ec8994\" data-element_type=\"column\">\n\t\t\t<div class=\"elementor-widget-wrap elementor-element-populated\">\n\t\t\t\t\t\t<div class=\"elementor-element elementor-element-2b9648b elementor-widget elementor-widget-image\" data-id=\"2b9648b\" data-element_type=\"widget\" data-settings=\"{&quot;_animation&quot;:&quot;none&quot;}\" data-widget_type=\"image.default\">\n\t\t\t\t<div class=\"elementor-widget-container\">\n\t\t\t\t\t\t\t\t\t\t\t\t\t\t\t\t<a href=\"https:\/\/stepbystep-book.ch\/en\/boutique\/\">\n\t\t\t\t\t\t\t<img fetchpriority=\"high\" decoding=\"async\" width=\"525\" height=\"700\" src=\"https:\/\/stepbystep-book.ch\/wp-content\/uploads\/2024\/12\/WhatsApp-Image-2024-12-17-at-08.48.13-8-768x1024.jpeg\" class=\"attachment-large size-large wp-image-2926\" alt=\"\" srcset=\"https:\/\/stepbystep-book.ch\/wp-content\/uploads\/2024\/12\/WhatsApp-Image-2024-12-17-at-08.48.13-8-768x1024.jpeg 768w, https:\/\/stepbystep-book.ch\/wp-content\/uploads\/2024\/12\/WhatsApp-Image-2024-12-17-at-08.48.13-8-225x300.jpeg 225w, https:\/\/stepbystep-book.ch\/wp-content\/uploads\/2024\/12\/WhatsApp-Image-2024-12-17-at-08.48.13-8-1152x1536.jpeg 1152w, https:\/\/stepbystep-book.ch\/wp-content\/uploads\/2024\/12\/WhatsApp-Image-2024-12-17-at-08.48.13-8-9x12.jpeg 9w, https:\/\/stepbystep-book.ch\/wp-content\/uploads\/2024\/12\/WhatsApp-Image-2024-12-17-at-08.48.13-8-250x333.jpeg 250w, https:\/\/stepbystep-book.ch\/wp-content\/uploads\/2024\/12\/WhatsApp-Image-2024-12-17-at-08.48.13-8-350x467.jpeg 350w, https:\/\/stepbystep-book.ch\/wp-content\/uploads\/2024\/12\/WhatsApp-Image-2024-12-17-at-08.48.13-8.jpeg 1200w\" sizes=\"100vw\" \/>\t\t\t\t\t\t\t\t<\/a>\n\t\t\t\t\t\t\t\t\t\t\t\t\t\t\t<\/div>\n\t\t\t\t<\/div>\n\t\t\t\t\t<\/div>\n\t\t<\/div>\n\t\t\t\t<div class=\"elementor-column elementor-col-33 elementor-top-column elementor-element elementor-element-6df6763\" data-id=\"6df6763\" data-element_type=\"column\">\n\t\t\t<div class=\"elementor-widget-wrap elementor-element-populated\">\n\t\t\t\t\t\t<div class=\"elementor-element elementor-element-a36435c elementor-widget elementor-widget-image\" data-id=\"a36435c\" data-element_type=\"widget\" data-settings=\"{&quot;_animation&quot;:&quot;none&quot;}\" data-widget_type=\"image.default\">\n\t\t\t\t<div class=\"elementor-widget-container\">\n\t\t\t\t\t\t\t\t\t\t\t\t\t\t\t\t<a href=\"https:\/\/stepbystep-book.ch\/en\/boutique\/\">\n\t\t\t\t\t\t\t<img decoding=\"async\" width=\"525\" height=\"700\" src=\"https:\/\/stepbystep-book.ch\/wp-content\/uploads\/2024\/12\/WhatsApp-Image-2024-12-17-at-08.48.13-7-768x1024.jpeg\" class=\"attachment-large size-large wp-image-2924\" alt=\"\" srcset=\"https:\/\/stepbystep-book.ch\/wp-content\/uploads\/2024\/12\/WhatsApp-Image-2024-12-17-at-08.48.13-7-768x1024.jpeg 768w, https:\/\/stepbystep-book.ch\/wp-content\/uploads\/2024\/12\/WhatsApp-Image-2024-12-17-at-08.48.13-7-225x300.jpeg 225w, https:\/\/stepbystep-book.ch\/wp-content\/uploads\/2024\/12\/WhatsApp-Image-2024-12-17-at-08.48.13-7-1152x1536.jpeg 1152w, https:\/\/stepbystep-book.ch\/wp-content\/uploads\/2024\/12\/WhatsApp-Image-2024-12-17-at-08.48.13-7-9x12.jpeg 9w, https:\/\/stepbystep-book.ch\/wp-content\/uploads\/2024\/12\/WhatsApp-Image-2024-12-17-at-08.48.13-7-250x333.jpeg 250w, https:\/\/stepbystep-book.ch\/wp-content\/uploads\/2024\/12\/WhatsApp-Image-2024-12-17-at-08.48.13-7-350x467.jpeg 350w, https:\/\/stepbystep-book.ch\/wp-content\/uploads\/2024\/12\/WhatsApp-Image-2024-12-17-at-08.48.13-7.jpeg 1200w\" sizes=\"100vw\" \/>\t\t\t\t\t\t\t\t<\/a>\n\t\t\t\t\t\t\t\t\t\t\t\t\t\t\t<\/div>\n\t\t\t\t<\/div>\n\t\t\t\t\t<\/div>\n\t\t<\/div>\n\t\t\t\t<div class=\"elementor-column elementor-col-33 elementor-top-column elementor-element elementor-element-0ea1718\" data-id=\"0ea1718\" data-element_type=\"column\">\n\t\t\t<div class=\"elementor-widget-wrap elementor-element-populated\">\n\t\t\t\t\t\t<div class=\"elementor-element elementor-element-30a1eb3 elementor-widget elementor-widget-image\" data-id=\"30a1eb3\" data-element_type=\"widget\" data-settings=\"{&quot;_animation&quot;:&quot;none&quot;}\" data-widget_type=\"image.default\">\n\t\t\t\t<div class=\"elementor-widget-container\">\n\t\t\t\t\t\t\t\t\t\t\t\t\t\t\t\t<a href=\"https:\/\/stepbystep-book.ch\/en\/boutique\/\">\n\t\t\t\t\t\t\t<img decoding=\"async\" width=\"525\" height=\"700\" src=\"https:\/\/stepbystep-book.ch\/wp-content\/uploads\/2024\/12\/WhatsApp-Image-2024-12-17-at-08.48.13-6-768x1024.jpeg\" class=\"attachment-large size-large wp-image-2923\" alt=\"\" srcset=\"https:\/\/stepbystep-book.ch\/wp-content\/uploads\/2024\/12\/WhatsApp-Image-2024-12-17-at-08.48.13-6-768x1024.jpeg 768w, https:\/\/stepbystep-book.ch\/wp-content\/uploads\/2024\/12\/WhatsApp-Image-2024-12-17-at-08.48.13-6-225x300.jpeg 225w, https:\/\/stepbystep-book.ch\/wp-content\/uploads\/2024\/12\/WhatsApp-Image-2024-12-17-at-08.48.13-6-1152x1536.jpeg 1152w, https:\/\/stepbystep-book.ch\/wp-content\/uploads\/2024\/12\/WhatsApp-Image-2024-12-17-at-08.48.13-6-9x12.jpeg 9w, https:\/\/stepbystep-book.ch\/wp-content\/uploads\/2024\/12\/WhatsApp-Image-2024-12-17-at-08.48.13-6-250x333.jpeg 250w, https:\/\/stepbystep-book.ch\/wp-content\/uploads\/2024\/12\/WhatsApp-Image-2024-12-17-at-08.48.13-6-350x467.jpeg 350w, https:\/\/stepbystep-book.ch\/wp-content\/uploads\/2024\/12\/WhatsApp-Image-2024-12-17-at-08.48.13-6.jpeg 1200w\" sizes=\"100vw\" \/>\t\t\t\t\t\t\t\t<\/a>\n\t\t\t\t\t\t\t\t\t\t\t\t\t\t\t<\/div>\n\t\t\t\t<\/div>\n\t\t\t\t\t<\/div>\n\t\t<\/div>\n\t\t\t\t\t<\/div>\n\t\t<\/section>\n\t\t\t\t<section class=\"elementor-section elementor-top-section elementor-element elementor-element-832e68e elementor-section-boxed elementor-section-height-default elementor-section-height-default\" data-id=\"832e68e\" data-element_type=\"section\">\n\t\t\t\t\t\t<div class=\"elementor-container elementor-column-gap-default\">\n\t\t\t\t\t<div class=\"elementor-column elementor-col-33 elementor-top-column elementor-element elementor-element-a2680b5\" data-id=\"a2680b5\" data-element_type=\"column\">\n\t\t\t<div class=\"elementor-widget-wrap elementor-element-populated\">\n\t\t\t\t\t\t<div class=\"elementor-element elementor-element-6cac3a9 elementor-widget elementor-widget-image\" data-id=\"6cac3a9\" data-element_type=\"widget\" data-settings=\"{&quot;_animation&quot;:&quot;none&quot;}\" data-widget_type=\"image.default\">\n\t\t\t\t<div class=\"elementor-widget-container\">\n\t\t\t\t\t\t\t\t\t\t\t\t\t\t\t\t<a href=\"https:\/\/stepbystep-book.ch\/en\/boutique\/\">\n\t\t\t\t\t\t\t<img loading=\"lazy\" decoding=\"async\" width=\"525\" height=\"700\" src=\"https:\/\/stepbystep-book.ch\/wp-content\/uploads\/2024\/12\/WhatsApp-Image-2024-12-17-at-08.48.13-5-768x1024.jpeg\" class=\"attachment-large size-large wp-image-2922\" alt=\"\" srcset=\"https:\/\/stepbystep-book.ch\/wp-content\/uploads\/2024\/12\/WhatsApp-Image-2024-12-17-at-08.48.13-5-768x1024.jpeg 768w, https:\/\/stepbystep-book.ch\/wp-content\/uploads\/2024\/12\/WhatsApp-Image-2024-12-17-at-08.48.13-5-225x300.jpeg 225w, https:\/\/stepbystep-book.ch\/wp-content\/uploads\/2024\/12\/WhatsApp-Image-2024-12-17-at-08.48.13-5-1152x1536.jpeg 1152w, https:\/\/stepbystep-book.ch\/wp-content\/uploads\/2024\/12\/WhatsApp-Image-2024-12-17-at-08.48.13-5-9x12.jpeg 9w, https:\/\/stepbystep-book.ch\/wp-content\/uploads\/2024\/12\/WhatsApp-Image-2024-12-17-at-08.48.13-5-250x333.jpeg 250w, https:\/\/stepbystep-book.ch\/wp-content\/uploads\/2024\/12\/WhatsApp-Image-2024-12-17-at-08.48.13-5-350x467.jpeg 350w, https:\/\/stepbystep-book.ch\/wp-content\/uploads\/2024\/12\/WhatsApp-Image-2024-12-17-at-08.48.13-5.jpeg 1200w\" sizes=\"100vw\" \/>\t\t\t\t\t\t\t\t<\/a>\n\t\t\t\t\t\t\t\t\t\t\t\t\t\t\t<\/div>\n\t\t\t\t<\/div>\n\t\t\t\t\t<\/div>\n\t\t<\/div>\n\t\t\t\t<div class=\"elementor-column elementor-col-33 elementor-top-column elementor-element elementor-element-fcf5706\" data-id=\"fcf5706\" data-element_type=\"column\">\n\t\t\t<div class=\"elementor-widget-wrap elementor-element-populated\">\n\t\t\t\t\t\t<div class=\"elementor-element elementor-element-de09f89 elementor-widget elementor-widget-image\" data-id=\"de09f89\" data-element_type=\"widget\" data-settings=\"{&quot;_animation&quot;:&quot;none&quot;}\" data-widget_type=\"image.default\">\n\t\t\t\t<div class=\"elementor-widget-container\">\n\t\t\t\t\t\t\t\t\t\t\t\t\t\t\t\t<a href=\"https:\/\/stepbystep-book.ch\/en\/boutique\/\">\n\t\t\t\t\t\t\t<img loading=\"lazy\" decoding=\"async\" width=\"525\" height=\"700\" src=\"https:\/\/stepbystep-book.ch\/wp-content\/uploads\/2024\/12\/Fees-marraine-orange-768x1024.jpg\" class=\"attachment-large size-large wp-image-2935\" alt=\"\" srcset=\"https:\/\/stepbystep-book.ch\/wp-content\/uploads\/2024\/12\/Fees-marraine-orange-768x1024.jpg 768w, https:\/\/stepbystep-book.ch\/wp-content\/uploads\/2024\/12\/Fees-marraine-orange-225x300.jpg 225w, https:\/\/stepbystep-book.ch\/wp-content\/uploads\/2024\/12\/Fees-marraine-orange-1152x1536.jpg 1152w, https:\/\/stepbystep-book.ch\/wp-content\/uploads\/2024\/12\/Fees-marraine-orange-9x12.jpg 9w, https:\/\/stepbystep-book.ch\/wp-content\/uploads\/2024\/12\/Fees-marraine-orange-250x333.jpg 250w, https:\/\/stepbystep-book.ch\/wp-content\/uploads\/2024\/12\/Fees-marraine-orange-350x467.jpg 350w, https:\/\/stepbystep-book.ch\/wp-content\/uploads\/2024\/12\/Fees-marraine-orange.jpg 1200w\" sizes=\"100vw\" \/>\t\t\t\t\t\t\t\t<\/a>\n\t\t\t\t\t\t\t\t\t\t\t\t\t\t\t<\/div>\n\t\t\t\t<\/div>\n\t\t\t\t\t<\/div>\n\t\t<\/div>\n\t\t\t\t<div class=\"elementor-column elementor-col-33 elementor-top-column elementor-element elementor-element-07e8164\" data-id=\"07e8164\" data-element_type=\"column\">\n\t\t\t<div class=\"elementor-widget-wrap elementor-element-populated\">\n\t\t\t\t\t\t<div class=\"elementor-element elementor-element-9d22fc8 elementor-widget elementor-widget-image\" data-id=\"9d22fc8\" data-element_type=\"widget\" data-settings=\"{&quot;_animation&quot;:&quot;none&quot;}\" data-widget_type=\"image.default\">\n\t\t\t\t<div class=\"elementor-widget-container\">\n\t\t\t\t\t\t\t\t\t\t\t\t\t\t\t\t<a href=\"https:\/\/stepbystep-book.ch\/en\/boutique\/\">\n\t\t\t\t\t\t\t<img loading=\"lazy\" decoding=\"async\" width=\"525\" height=\"700\" src=\"https:\/\/stepbystep-book.ch\/wp-content\/uploads\/2024\/12\/WhatsApp-Image-2024-12-17-at-08.48.13-768x1024.jpeg\" class=\"attachment-large size-large wp-image-2927\" alt=\"\" srcset=\"https:\/\/stepbystep-book.ch\/wp-content\/uploads\/2024\/12\/WhatsApp-Image-2024-12-17-at-08.48.13-768x1024.jpeg 768w, https:\/\/stepbystep-book.ch\/wp-content\/uploads\/2024\/12\/WhatsApp-Image-2024-12-17-at-08.48.13-225x300.jpeg 225w, https:\/\/stepbystep-book.ch\/wp-content\/uploads\/2024\/12\/WhatsApp-Image-2024-12-17-at-08.48.13-1152x1536.jpeg 1152w, https:\/\/stepbystep-book.ch\/wp-content\/uploads\/2024\/12\/WhatsApp-Image-2024-12-17-at-08.48.13-9x12.jpeg 9w, https:\/\/stepbystep-book.ch\/wp-content\/uploads\/2024\/12\/WhatsApp-Image-2024-12-17-at-08.48.13-250x333.jpeg 250w, https:\/\/stepbystep-book.ch\/wp-content\/uploads\/2024\/12\/WhatsApp-Image-2024-12-17-at-08.48.13-350x467.jpeg 350w, https:\/\/stepbystep-book.ch\/wp-content\/uploads\/2024\/12\/WhatsApp-Image-2024-12-17-at-08.48.13.jpeg 1200w\" sizes=\"100vw\" \/>\t\t\t\t\t\t\t\t<\/a>\n\t\t\t\t\t\t\t\t\t\t\t\t\t\t\t<\/div>\n\t\t\t\t<\/div>\n\t\t\t\t\t<\/div>\n\t\t<\/div>\n\t\t\t\t\t<\/div>\n\t\t<\/section>\n\t\t\t\t<section class=\"elementor-section elementor-top-section elementor-element elementor-element-b6ca733 elementor-section-boxed elementor-section-height-default elementor-section-height-default\" data-id=\"b6ca733\" data-element_type=\"section\" data-settings=\"{&quot;background_background&quot;:&quot;none&quot;}\">\n\t\t\t\t\t\t<div class=\"elementor-container elementor-column-gap-default\">\n\t\t\t\t\t<div class=\"elementor-column elementor-col-100 elementor-top-column elementor-element elementor-element-78b0b1d\" data-id=\"78b0b1d\" data-element_type=\"column\">\n\t\t\t<div class=\"elementor-widget-wrap elementor-element-populated\">\n\t\t\t\t\t\t<div class=\"elementor-element elementor-element-636a9c9 elementor-align-center elementor-widget elementor-widget-button\" data-id=\"636a9c9\" data-element_type=\"widget\" data-widget_type=\"button.default\">\n\t\t\t\t<div class=\"elementor-widget-container\">\n\t\t\t\t\t\t\t\t\t<div class=\"elementor-button-wrapper\">\n\t\t\t\t\t<a class=\"elementor-button elementor-button-link elementor-size-sm\" href=\"https:\/\/stepbystep-book.ch\/en\/boutique\/\">\n\t\t\t\t\t\t<span class=\"elementor-button-content-wrapper\">\n\t\t\t\t\t\t\t\t\t<span class=\"elementor-button-text\">Go to our shop<\/span>\n\t\t\t\t\t<\/span>\n\t\t\t\t\t<\/a>\n\t\t\t\t<\/div>\n\t\t\t\t\t\t\t\t<\/div>\n\t\t\t\t<\/div>\n\t\t\t\t\t<\/div>\n\t\t<\/div>\n\t\t\t\t\t<\/div>\n\t\t<\/section>\n\t\t\t\t<section class=\"elementor-section elementor-top-section elementor-element elementor-element-357d95cb elementor-section-boxed elementor-section-height-default elementor-section-height-default\" data-id=\"357d95cb\" data-element_type=\"section\" data-settings=\"{&quot;background_background&quot;:&quot;classic&quot;}\">\n\t\t\t\t\t\t\t<div class=\"elementor-background-overlay\"><\/div>\n\t\t\t\t\t\t\t<div class=\"elementor-container elementor-column-gap-default\">\n\t\t\t\t\t<div class=\"elementor-column elementor-col-100 elementor-top-column elementor-element elementor-element-405b49c4\" data-id=\"405b49c4\" data-element_type=\"column\">\n\t\t\t<div class=\"elementor-widget-wrap elementor-element-populated\">\n\t\t\t\t\t\t<div class=\"elementor-element elementor-element-73e54e8 elementor-widget elementor-widget-heading\" data-id=\"73e54e8\" data-element_type=\"widget\" data-widget_type=\"heading.default\">\n\t\t\t\t<div class=\"elementor-widget-container\">\n\t\t\t\t\t<p class=\"elementor-heading-title elementor-size-large\">Fabiola Wunderlin\n\n\t<\/p>\t\t\t\t<\/div>\n\t\t\t\t<\/div>\n\t\t\t\t<div class=\"elementor-element elementor-element-122844b elementor-widget elementor-widget-heading\" data-id=\"122844b\" data-element_type=\"widget\" data-widget_type=\"heading.default\">\n\t\t\t\t<div class=\"elementor-widget-container\">\n\t\t\t\t\t<p class=\"elementor-heading-title elementor-size-large\">Web designer, graphic artist, painter and passionate artist.\n\n\t<\/p>\t\t\t\t<\/div>\n\t\t\t\t<\/div>\n\t\t\t\t<div class=\"elementor-element elementor-element-4bdb213c elementor-widget elementor-widget-button\" data-id=\"4bdb213c\" data-element_type=\"widget\" data-widget_type=\"button.default\">\n\t\t\t\t<div class=\"elementor-widget-container\">\n\t\t\t\t\t\t\t\t\t<div class=\"elementor-button-wrapper\">\n\t\t\t\t\t<a class=\"elementor-button elementor-button-link elementor-size-md\" href=\"https:\/\/www.thinkweb.ch\/\" target=\"_blank\">\n\t\t\t\t\t\t<span class=\"elementor-button-content-wrapper\">\n\t\t\t\t\t\t\t\t\t<span class=\"elementor-button-text\">READ MORE<\/span>\n\t\t\t\t\t<\/span>\n\t\t\t\t\t<\/a>\n\t\t\t\t<\/div>\n\t\t\t\t\t\t\t\t<\/div>\n\t\t\t\t<\/div>\n\t\t\t\t\t<\/div>\n\t\t<\/div>\n\t\t\t\t\t<\/div>\n\t\t<\/section>\n\t\t\t\t<\/div>","protected":false},"excerpt":{"rendered":"<p>Les F\u00e9es marraines Pour la d\u00e9coration de votre table de nuit, avec bougie led et diff\u00e9rentes couleurs et accessoires, 15 cm de hauteur, imprim\u00e9s avec imprimante 3D et bioplastique PLA, solution \u00e9cologique. Vous voulez offrir une petite f\u00e9e marraine \u00e0 quelqu&rsquo;un ? envoyez-moi son pr\u00e9nom, nom et adresse avec un petit mot \u00e0 son intention &hellip; <\/p>\n<p class=\"link-more\"><a href=\"https:\/\/stepbystep-book.ch\/en\/les-fees-marraines\/\" class=\"more-link\">Continue reading<span class=\"screen-reader-text\"> \u00ab\u00a0Les F\u00e9es Marraines\u00a0\u00bb<\/span><\/a><\/p>","protected":false},"author":1,"featured_media":0,"parent":0,"menu_order":0,"comment_status":"closed","ping_status":"closed","template":"elementor_header_footer","meta":{"om_disable_all_campaigns":false,"footnotes":""},"class_list":["post-2933","page","type-page","status-publish","hentry"],"jetpack_sharing_enabled":true,"post_mailing_queue_ids":[],"_links":{"self":[{"href":"https:\/\/stepbystep-book.ch\/en\/wp-json\/wp\/v2\/pages\/2933","targetHints":{"allow":["GET"]}}],"collection":[{"href":"https:\/\/stepbystep-book.ch\/en\/wp-json\/wp\/v2\/pages"}],"about":[{"href":"https:\/\/stepbystep-book.ch\/en\/wp-json\/wp\/v2\/types\/page"}],"author":[{"embeddable":true,"href":"https:\/\/stepbystep-book.ch\/en\/wp-json\/wp\/v2\/users\/1"}],"replies":[{"embeddable":true,"href":"https:\/\/stepbystep-book.ch\/en\/wp-json\/wp\/v2\/comments?post=2933"}],"version-history":[{"count":40,"href":"https:\/\/stepbystep-book.ch\/en\/wp-json\/wp\/v2\/pages\/2933\/revisions"}],"predecessor-version":[{"id":2994,"href":"https:\/\/stepbystep-book.ch\/en\/wp-json\/wp\/v2\/pages\/2933\/revisions\/2994"}],"wp:attachment":[{"href":"https:\/\/stepbystep-book.ch\/en\/wp-json\/wp\/v2\/media?parent=2933"}],"curies":[{"name":"wp","href":"https:\/\/api.w.org\/{rel}","templated":true}]}}