{"id":289,"date":"2020-10-27T16:42:48","date_gmt":"2020-10-27T16:42:48","guid":{"rendered":"https:\/\/stepbystep-book.ch\/?page_id=289"},"modified":"2023-03-10T21:58:58","modified_gmt":"2023-03-10T21:58:58","slug":"la-fleur-du-bonheur","status":"publish","type":"page","link":"https:\/\/stepbystep-book.ch\/en\/la-fleur-du-bonheur\/","title":{"rendered":"La fleur du bonheur"},"content":{"rendered":"<div data-elementor-type=\"wp-page\" data-elementor-id=\"289\" class=\"elementor elementor-289\">\n\t\t\t\t\t\t<section class=\"elementor-section elementor-top-section elementor-element elementor-element-00a3d06 elementor-section-boxed elementor-section-height-default elementor-section-height-default\" data-id=\"00a3d06\" data-element_type=\"section\">\n\t\t\t\t\t\t<div class=\"elementor-container elementor-column-gap-default\">\n\t\t\t\t\t<div class=\"elementor-column elementor-col-100 elementor-top-column elementor-element elementor-element-eb9cb86\" data-id=\"eb9cb86\" data-element_type=\"column\">\n\t\t\t<div class=\"elementor-widget-wrap\">\n\t\t\t\t\t\t\t<\/div>\n\t\t<\/div>\n\t\t\t\t\t<\/div>\n\t\t<\/section>\n\t\t\t\t<section class=\"elementor-section elementor-top-section elementor-element elementor-element-afbd29d elementor-section-boxed elementor-section-height-default elementor-section-height-default\" data-id=\"afbd29d\" data-element_type=\"section\">\n\t\t\t\t\t\t<div class=\"elementor-container elementor-column-gap-default\">\n\t\t\t\t\t<div class=\"elementor-column elementor-col-50 elementor-top-column elementor-element elementor-element-02c5056\" data-id=\"02c5056\" data-element_type=\"column\">\n\t\t\t<div class=\"elementor-widget-wrap elementor-element-populated\">\n\t\t\t\t\t\t<div class=\"elementor-element elementor-element-2768cba elementor-invisible elementor-widget elementor-widget-image\" data-id=\"2768cba\" data-element_type=\"widget\" data-settings=\"{&quot;_animation&quot;:&quot;swing&quot;}\" data-widget_type=\"image.default\">\n\t\t\t\t<div class=\"elementor-widget-container\">\n\t\t\t\t\t\t\t\t\t\t\t\t<figure class=\"wp-caption\">\n\t\t\t\t\t\t\t\t\t\t<img fetchpriority=\"high\" decoding=\"async\" width=\"898\" height=\"1264\" src=\"https:\/\/stepbystep-book.ch\/wp-content\/uploads\/2021\/02\/Fleur-du-bonheur-recto1.jpg\" class=\"attachment-full size-full wp-image-356\" alt=\"\" srcset=\"https:\/\/stepbystep-book.ch\/wp-content\/uploads\/2021\/02\/Fleur-du-bonheur-recto1.jpg 898w, https:\/\/stepbystep-book.ch\/wp-content\/uploads\/2021\/02\/Fleur-du-bonheur-recto1-250x352.jpg 250w, https:\/\/stepbystep-book.ch\/wp-content\/uploads\/2021\/02\/Fleur-du-bonheur-recto1-350x493.jpg 350w, https:\/\/stepbystep-book.ch\/wp-content\/uploads\/2021\/02\/Fleur-du-bonheur-recto1-213x300.jpg 213w, https:\/\/stepbystep-book.ch\/wp-content\/uploads\/2021\/02\/Fleur-du-bonheur-recto1-727x1024.jpg 727w, https:\/\/stepbystep-book.ch\/wp-content\/uploads\/2021\/02\/Fleur-du-bonheur-recto1-768x1081.jpg 768w\" sizes=\"100vw\" \/>\t\t\t\t\t\t\t\t\t\t\t<figcaption class=\"widget-image-caption wp-caption-text\"><\/figcaption>\n\t\t\t\t\t\t\t\t\t\t<\/figure>\n\t\t\t\t\t\t\t\t\t<\/div>\n\t\t\t\t<\/div>\n\t\t\t\t<div class=\"elementor-element elementor-element-e08e0ab elementor-invisible elementor-widget elementor-widget-image\" data-id=\"e08e0ab\" data-element_type=\"widget\" data-settings=\"{&quot;_animation&quot;:&quot;swing&quot;}\" data-widget_type=\"image.default\">\n\t\t\t\t<div class=\"elementor-widget-container\">\n\t\t\t\t\t\t\t\t\t\t\t\t<figure class=\"wp-caption\">\n\t\t\t\t\t\t\t\t\t\t<img decoding=\"async\" width=\"894\" height=\"1258\" src=\"https:\/\/stepbystep-book.ch\/wp-content\/uploads\/2021\/03\/Fleur-du-bonheur-verso.jpg\" class=\"attachment-full size-full wp-image-649\" alt=\"\" srcset=\"https:\/\/stepbystep-book.ch\/wp-content\/uploads\/2021\/03\/Fleur-du-bonheur-verso.jpg 894w, https:\/\/stepbystep-book.ch\/wp-content\/uploads\/2021\/03\/Fleur-du-bonheur-verso-250x352.jpg 250w, https:\/\/stepbystep-book.ch\/wp-content\/uploads\/2021\/03\/Fleur-du-bonheur-verso-350x493.jpg 350w, https:\/\/stepbystep-book.ch\/wp-content\/uploads\/2021\/03\/Fleur-du-bonheur-verso-213x300.jpg 213w, https:\/\/stepbystep-book.ch\/wp-content\/uploads\/2021\/03\/Fleur-du-bonheur-verso-728x1024.jpg 728w, https:\/\/stepbystep-book.ch\/wp-content\/uploads\/2021\/03\/Fleur-du-bonheur-verso-768x1081.jpg 768w\" sizes=\"100vw\" \/>\t\t\t\t\t\t\t\t\t\t\t<figcaption class=\"widget-image-caption wp-caption-text\"><\/figcaption>\n\t\t\t\t\t\t\t\t\t\t<\/figure>\n\t\t\t\t\t\t\t\t\t<\/div>\n\t\t\t\t<\/div>\n\t\t\t\t\t<\/div>\n\t\t<\/div>\n\t\t\t\t<div class=\"elementor-column elementor-col-50 elementor-top-column elementor-element elementor-element-679bbac\" data-id=\"679bbac\" data-element_type=\"column\">\n\t\t\t<div class=\"elementor-widget-wrap elementor-element-populated\">\n\t\t\t\t\t\t<div class=\"elementor-element elementor-element-a1e9511 elementor-widget elementor-widget-shortcode\" data-id=\"a1e9511\" data-element_type=\"widget\" data-widget_type=\"shortcode.default\">\n\t\t\t\t<div class=\"elementor-widget-container\">\n\t\t\t\t\t\t\t<div class=\"elementor-shortcode\">COMMENT?<br><br>\n\u00c9cris tes 5 souhaits sur les p\u00e9tales, cherche la signification des couleurs si tu d\u00e9sires les colorier et offre ta fleur \u00e0 quelqu\u2019un.  N\u2019oublie pas de lui demander de faire la m\u00eame chose \u00e0 son tour et commence ainsi ta cha\u00eene de bonheur.\n<br><br> \nCOMBIEN?\n\n<br><br>CHF 2.50.- l'unit\u00e9\n<br>\nFrais d'envoi inclus \u00e0 partir de CHF 20.- d'achat.\n\n<br><br>\n\nFormat: A5 (14,8 x 21 cm), papier mat, 300gr.\n<br>\n\n<\/div>\n\t\t\t\t\t\t<\/div>\n\t\t\t\t<\/div>\n\t\t\t\t<div class=\"elementor-element elementor-element-8ada02c elementor-widget elementor-widget-button\" data-id=\"8ada02c\" data-element_type=\"widget\" data-widget_type=\"button.default\">\n\t\t\t\t<div class=\"elementor-widget-container\">\n\t\t\t\t\t\t\t\t\t<div class=\"elementor-button-wrapper\">\n\t\t\t\t\t<a class=\"elementor-button elementor-button-link elementor-size-sm\" href=\"https:\/\/stepbystep-book.ch\/en\/product\/la-fleur-du-bonheur\/\">\n\t\t\t\t\t\t<span class=\"elementor-button-content-wrapper\">\n\t\t\t\t\t\t\t\t\t<span class=\"elementor-button-text\">Go to store<\/span>\n\t\t\t\t\t<\/span>\n\t\t\t\t\t<\/a>\n\t\t\t\t<\/div>\n\t\t\t\t\t\t\t\t<\/div>\n\t\t\t\t<\/div>\n\t\t\t\t\t<\/div>\n\t\t<\/div>\n\t\t\t\t\t<\/div>\n\t\t<\/section>\n\t\t\t\t<section class=\"elementor-section elementor-top-section elementor-element elementor-element-7e5803b elementor-section-boxed elementor-section-height-default elementor-section-height-default\" data-id=\"7e5803b\" data-element_type=\"section\">\n\t\t\t\t\t\t<div class=\"elementor-container elementor-column-gap-default\">\n\t\t\t\t\t\t<\/div>\n\t\t<\/section>\n\t\t\t\t<\/div>","protected":false},"excerpt":{"rendered":"<p>COMMENT? \u00c9cris tes 5 souhaits sur les p\u00e9tales, cherche la signification des couleurs si tu d\u00e9sires les colorier et offre ta fleur \u00e0 quelqu\u2019un. N\u2019oublie pas de lui demander de faire la m\u00eame chose \u00e0 son tour et commence ainsi ta cha\u00eene de bonheur. COMBIEN? CHF 2.50.- l&rsquo;unit\u00e9 Frais d&rsquo;envoi inclus \u00e0 partir de CHF &hellip; <\/p>\n<p class=\"link-more\"><a href=\"https:\/\/stepbystep-book.ch\/en\/la-fleur-du-bonheur\/\" class=\"more-link\">Continue reading<span class=\"screen-reader-text\"> \u00ab\u00a0La fleur du bonheur\u00a0\u00bb<\/span><\/a><\/p>","protected":false},"author":1,"featured_media":0,"parent":0,"menu_order":0,"comment_status":"closed","ping_status":"closed","template":"elementor_header_footer","meta":{"om_disable_all_campaigns":false,"footnotes":""},"class_list":["post-289","page","type-page","status-publish","hentry"],"jetpack_sharing_enabled":true,"post_mailing_queue_ids":[],"_links":{"self":[{"href":"https:\/\/stepbystep-book.ch\/en\/wp-json\/wp\/v2\/pages\/289","targetHints":{"allow":["GET"]}}],"collection":[{"href":"https:\/\/stepbystep-book.ch\/en\/wp-json\/wp\/v2\/pages"}],"about":[{"href":"https:\/\/stepbystep-book.ch\/en\/wp-json\/wp\/v2\/types\/page"}],"author":[{"embeddable":true,"href":"https:\/\/stepbystep-book.ch\/en\/wp-json\/wp\/v2\/users\/1"}],"replies":[{"embeddable":true,"href":"https:\/\/stepbystep-book.ch\/en\/wp-json\/wp\/v2\/comments?post=289"}],"version-history":[{"count":171,"href":"https:\/\/stepbystep-book.ch\/en\/wp-json\/wp\/v2\/pages\/289\/revisions"}],"predecessor-version":[{"id":2782,"href":"https:\/\/stepbystep-book.ch\/en\/wp-json\/wp\/v2\/pages\/289\/revisions\/2782"}],"wp:attachment":[{"href":"https:\/\/stepbystep-book.ch\/en\/wp-json\/wp\/v2\/media?parent=289"}],"curies":[{"name":"wp","href":"https:\/\/api.w.org\/{rel}","templated":true}]}}