{"id":2644,"date":"2022-11-22T11:52:02","date_gmt":"2022-11-22T11:52:02","guid":{"rendered":"https:\/\/stepbystep-book.ch\/?page_id=2644"},"modified":"2022-11-22T15:47:23","modified_gmt":"2022-11-22T15:47:23","slug":"petits-anges-de-noel","status":"publish","type":"page","link":"https:\/\/stepbystep-book.ch\/en\/petits-anges-de-noel\/","title":{"rendered":"Petits anges de No\u00ebl"},"content":{"rendered":"<div data-elementor-type=\"wp-page\" data-elementor-id=\"2644\" class=\"elementor elementor-2644\">\n\t\t\t\t\t\t<section class=\"elementor-section elementor-top-section elementor-element elementor-element-afbd29d elementor-section-boxed elementor-section-height-default elementor-section-height-default\" data-id=\"afbd29d\" data-element_type=\"section\">\n\t\t\t\t\t\t<div class=\"elementor-container elementor-column-gap-default\">\n\t\t\t\t\t<div class=\"elementor-column elementor-col-50 elementor-top-column elementor-element elementor-element-02c5056\" data-id=\"02c5056\" data-element_type=\"column\">\n\t\t\t<div class=\"elementor-widget-wrap elementor-element-populated\">\n\t\t\t\t\t\t<div class=\"elementor-element elementor-element-5a51db0 elementor-invisible elementor-widget elementor-widget-image\" data-id=\"5a51db0\" data-element_type=\"widget\" data-settings=\"{&quot;_animation&quot;:&quot;swing&quot;}\" data-widget_type=\"image.default\">\n\t\t\t\t<div class=\"elementor-widget-container\">\n\t\t\t\t\t\t\t\t\t\t\t\t\t\t\t<img fetchpriority=\"high\" decoding=\"async\" width=\"397\" height=\"506\" src=\"https:\/\/stepbystep-book.ch\/wp-content\/uploads\/2022\/11\/Ange-dore\u0301-rouge.jpg\" class=\"attachment-large size-large wp-image-2610\" alt=\"\" srcset=\"https:\/\/stepbystep-book.ch\/wp-content\/uploads\/2022\/11\/Ange-dore\u0301-rouge.jpg 397w, https:\/\/stepbystep-book.ch\/wp-content\/uploads\/2022\/11\/Ange-dore\u0301-rouge-235x300.jpg 235w, https:\/\/stepbystep-book.ch\/wp-content\/uploads\/2022\/11\/Ange-dore\u0301-rouge-9x12.jpg 9w, https:\/\/stepbystep-book.ch\/wp-content\/uploads\/2022\/11\/Ange-dore\u0301-rouge-250x319.jpg 250w, https:\/\/stepbystep-book.ch\/wp-content\/uploads\/2022\/11\/Ange-dore\u0301-rouge-350x446.jpg 350w\" sizes=\"100vw\" \/>\t\t\t\t\t\t\t\t\t\t\t\t\t\t\t<\/div>\n\t\t\t\t<\/div>\n\t\t\t\t<div class=\"elementor-element elementor-element-327e4f5 elementor-invisible elementor-widget elementor-widget-image\" data-id=\"327e4f5\" data-element_type=\"widget\" data-settings=\"{&quot;_animation&quot;:&quot;swing&quot;}\" data-widget_type=\"image.default\">\n\t\t\t\t<div class=\"elementor-widget-container\">\n\t\t\t\t\t\t\t\t\t\t\t\t\t\t\t<img decoding=\"async\" width=\"397\" height=\"506\" src=\"https:\/\/stepbystep-book.ch\/wp-content\/uploads\/2022\/11\/Ange-orange.jpg\" class=\"attachment-large size-large wp-image-2615\" alt=\"\" srcset=\"https:\/\/stepbystep-book.ch\/wp-content\/uploads\/2022\/11\/Ange-orange.jpg 397w, https:\/\/stepbystep-book.ch\/wp-content\/uploads\/2022\/11\/Ange-orange-235x300.jpg 235w, https:\/\/stepbystep-book.ch\/wp-content\/uploads\/2022\/11\/Ange-orange-9x12.jpg 9w, https:\/\/stepbystep-book.ch\/wp-content\/uploads\/2022\/11\/Ange-orange-250x319.jpg 250w, https:\/\/stepbystep-book.ch\/wp-content\/uploads\/2022\/11\/Ange-orange-350x446.jpg 350w\" sizes=\"100vw\" \/>\t\t\t\t\t\t\t\t\t\t\t\t\t\t\t<\/div>\n\t\t\t\t<\/div>\n\t\t\t\t<div class=\"elementor-element elementor-element-3808cc9 elementor-invisible elementor-widget elementor-widget-image\" data-id=\"3808cc9\" data-element_type=\"widget\" data-settings=\"{&quot;_animation&quot;:&quot;swing&quot;}\" data-widget_type=\"image.default\">\n\t\t\t\t<div class=\"elementor-widget-container\">\n\t\t\t\t\t\t\t\t\t\t\t\t\t\t\t<img decoding=\"async\" width=\"397\" height=\"506\" src=\"https:\/\/stepbystep-book.ch\/wp-content\/uploads\/2022\/11\/ange-vert.jpg\" class=\"attachment-large size-large wp-image-2617\" alt=\"\" srcset=\"https:\/\/stepbystep-book.ch\/wp-content\/uploads\/2022\/11\/ange-vert.jpg 397w, https:\/\/stepbystep-book.ch\/wp-content\/uploads\/2022\/11\/ange-vert-235x300.jpg 235w, https:\/\/stepbystep-book.ch\/wp-content\/uploads\/2022\/11\/ange-vert-9x12.jpg 9w, https:\/\/stepbystep-book.ch\/wp-content\/uploads\/2022\/11\/ange-vert-250x319.jpg 250w, https:\/\/stepbystep-book.ch\/wp-content\/uploads\/2022\/11\/ange-vert-350x446.jpg 350w\" sizes=\"100vw\" \/>\t\t\t\t\t\t\t\t\t\t\t\t\t\t\t<\/div>\n\t\t\t\t<\/div>\n\t\t\t\t<div class=\"elementor-element elementor-element-ae48dc4 elementor-invisible elementor-widget elementor-widget-image\" data-id=\"ae48dc4\" data-element_type=\"widget\" data-settings=\"{&quot;_animation&quot;:&quot;swing&quot;}\" data-widget_type=\"image.default\">\n\t\t\t\t<div class=\"elementor-widget-container\">\n\t\t\t\t\t\t\t\t\t\t\t\t\t\t\t<img loading=\"lazy\" decoding=\"async\" width=\"397\" height=\"506\" src=\"https:\/\/stepbystep-book.ch\/wp-content\/uploads\/2022\/11\/Ange-rose.jpg\" class=\"attachment-large size-large wp-image-2616\" alt=\"\" srcset=\"https:\/\/stepbystep-book.ch\/wp-content\/uploads\/2022\/11\/Ange-rose.jpg 397w, https:\/\/stepbystep-book.ch\/wp-content\/uploads\/2022\/11\/Ange-rose-235x300.jpg 235w, https:\/\/stepbystep-book.ch\/wp-content\/uploads\/2022\/11\/Ange-rose-9x12.jpg 9w, https:\/\/stepbystep-book.ch\/wp-content\/uploads\/2022\/11\/Ange-rose-250x319.jpg 250w, https:\/\/stepbystep-book.ch\/wp-content\/uploads\/2022\/11\/Ange-rose-350x446.jpg 350w\" sizes=\"100vw\" \/>\t\t\t\t\t\t\t\t\t\t\t\t\t\t\t<\/div>\n\t\t\t\t<\/div>\n\t\t\t\t<div class=\"elementor-element elementor-element-f3bb1bd elementor-invisible elementor-widget elementor-widget-image\" data-id=\"f3bb1bd\" data-element_type=\"widget\" data-settings=\"{&quot;_animation&quot;:&quot;swing&quot;}\" data-widget_type=\"image.default\">\n\t\t\t\t<div class=\"elementor-widget-container\">\n\t\t\t\t\t\t\t\t\t\t\t\t\t\t\t<img loading=\"lazy\" decoding=\"async\" width=\"397\" height=\"506\" src=\"https:\/\/stepbystep-book.ch\/wp-content\/uploads\/2022\/11\/Ange-dore\u0301-2.jpg\" class=\"attachment-large size-large wp-image-2613\" alt=\"\" srcset=\"https:\/\/stepbystep-book.ch\/wp-content\/uploads\/2022\/11\/Ange-dore\u0301-2.jpg 397w, https:\/\/stepbystep-book.ch\/wp-content\/uploads\/2022\/11\/Ange-dore\u0301-2-235x300.jpg 235w, https:\/\/stepbystep-book.ch\/wp-content\/uploads\/2022\/11\/Ange-dore\u0301-2-9x12.jpg 9w, https:\/\/stepbystep-book.ch\/wp-content\/uploads\/2022\/11\/Ange-dore\u0301-2-250x319.jpg 250w, https:\/\/stepbystep-book.ch\/wp-content\/uploads\/2022\/11\/Ange-dore\u0301-2-350x446.jpg 350w\" sizes=\"100vw\" \/>\t\t\t\t\t\t\t\t\t\t\t\t\t\t\t<\/div>\n\t\t\t\t<\/div>\n\t\t\t\t<div class=\"elementor-element elementor-element-1694d07 elementor-invisible elementor-widget elementor-widget-image\" data-id=\"1694d07\" data-element_type=\"widget\" data-settings=\"{&quot;_animation&quot;:&quot;swing&quot;}\" data-widget_type=\"image.default\">\n\t\t\t\t<div class=\"elementor-widget-container\">\n\t\t\t\t\t\t\t\t\t\t\t\t\t\t\t<img loading=\"lazy\" decoding=\"async\" width=\"397\" height=\"506\" src=\"https:\/\/stepbystep-book.ch\/wp-content\/uploads\/2022\/11\/Ange-blanc.jpg\" class=\"attachment-large size-large wp-image-2612\" alt=\"\" srcset=\"https:\/\/stepbystep-book.ch\/wp-content\/uploads\/2022\/11\/Ange-blanc.jpg 397w, https:\/\/stepbystep-book.ch\/wp-content\/uploads\/2022\/11\/Ange-blanc-235x300.jpg 235w, https:\/\/stepbystep-book.ch\/wp-content\/uploads\/2022\/11\/Ange-blanc-9x12.jpg 9w, https:\/\/stepbystep-book.ch\/wp-content\/uploads\/2022\/11\/Ange-blanc-250x319.jpg 250w, https:\/\/stepbystep-book.ch\/wp-content\/uploads\/2022\/11\/Ange-blanc-350x446.jpg 350w\" sizes=\"100vw\" \/>\t\t\t\t\t\t\t\t\t\t\t\t\t\t\t<\/div>\n\t\t\t\t<\/div>\n\t\t\t\t<div class=\"elementor-element elementor-element-67c1b6a elementor-invisible elementor-widget elementor-widget-image\" data-id=\"67c1b6a\" data-element_type=\"widget\" data-settings=\"{&quot;_animation&quot;:&quot;swing&quot;}\" data-widget_type=\"image.default\">\n\t\t\t\t<div class=\"elementor-widget-container\">\n\t\t\t\t\t\t\t\t\t\t\t\t\t\t\t<img loading=\"lazy\" decoding=\"async\" width=\"397\" height=\"506\" src=\"https:\/\/stepbystep-book.ch\/wp-content\/uploads\/2022\/11\/Ange-argente\u0301.jpg\" class=\"attachment-large size-large wp-image-2611\" alt=\"\" srcset=\"https:\/\/stepbystep-book.ch\/wp-content\/uploads\/2022\/11\/Ange-argente\u0301.jpg 397w, https:\/\/stepbystep-book.ch\/wp-content\/uploads\/2022\/11\/Ange-argente\u0301-235x300.jpg 235w, https:\/\/stepbystep-book.ch\/wp-content\/uploads\/2022\/11\/Ange-argente\u0301-9x12.jpg 9w, https:\/\/stepbystep-book.ch\/wp-content\/uploads\/2022\/11\/Ange-argente\u0301-250x319.jpg 250w, https:\/\/stepbystep-book.ch\/wp-content\/uploads\/2022\/11\/Ange-argente\u0301-350x446.jpg 350w\" sizes=\"100vw\" \/>\t\t\t\t\t\t\t\t\t\t\t\t\t\t\t<\/div>\n\t\t\t\t<\/div>\n\t\t\t\t\t<\/div>\n\t\t<\/div>\n\t\t\t\t<div class=\"elementor-column elementor-col-50 elementor-top-column elementor-element elementor-element-679bbac\" data-id=\"679bbac\" data-element_type=\"column\">\n\t\t\t<div class=\"elementor-widget-wrap elementor-element-populated\">\n\t\t\t\t\t\t<div class=\"elementor-element elementor-element-a1e9511 elementor-widget elementor-widget-shortcode\" data-id=\"a1e9511\" data-element_type=\"widget\" data-widget_type=\"shortcode.default\">\n\t\t\t\t<div class=\"elementor-widget-container\">\n\t\t\t\t\t\t\t<div class=\"elementor-shortcode\">\" Petits anges de No\u00ebl \" pour la d\u00e9coration de votre table de No\u00ebl, avec bougie led et diff\u00e9rentes couleurs et accessoires.\n\n<br><br>15 cm de hauteur, imprim\u00e9s avec imprimante 3D et bioplastique PLA, solution \u00e9cologique.\n\n<br><br>Vous pouvez les commander ici au prix de CHF 25.- frais d'envoi inclus \u00e0 partir de CHF 50.- Paiement par TWINT 076 451 05 79 ou par virement bancaire\nFabiola Wunderlin IBAN CH09 0900 0000 1438 4254 5\n\n<br><br>Vous voulez offrir un petit ange de No\u00ebl \u00e0 quelqu'un ? envoyez-moi son pr\u00e9nom, nom et adresse avec un petit mot \u00e0 son intention et je l'enverrai pour vous.\n\n\n<br><br>Possibilit\u00e9 de confectionner les petits anges de No\u00ebl \u00e0 votre go\u00fbt, pour plus d'information : 076 451 05 79 ou fwunderlin@stepbystep-book.ch<\/div>\n\t\t\t\t\t\t<\/div>\n\t\t\t\t<\/div>\n\t\t\t\t<div class=\"elementor-element elementor-element-40fa53d elementor-widget elementor-widget-button\" data-id=\"40fa53d\" data-element_type=\"widget\" data-widget_type=\"button.default\">\n\t\t\t\t<div class=\"elementor-widget-container\">\n\t\t\t\t\t\t\t\t\t<div class=\"elementor-button-wrapper\">\n\t\t\t\t\t<a class=\"elementor-button elementor-button-link elementor-size-sm\" href=\"https:\/\/stepbystep-book.ch\/en\/boutique\/\">\n\t\t\t\t\t\t<span class=\"elementor-button-content-wrapper\">\n\t\t\t\t\t\t\t\t\t<span class=\"elementor-button-text\">Go to our shop<\/span>\n\t\t\t\t\t<\/span>\n\t\t\t\t\t<\/a>\n\t\t\t\t<\/div>\n\t\t\t\t\t\t\t\t<\/div>\n\t\t\t\t<\/div>\n\t\t\t\t\t<\/div>\n\t\t<\/div>\n\t\t\t\t\t<\/div>\n\t\t<\/section>\n\t\t\t\t<\/div>","protected":false},"excerpt":{"rendered":"<p>\u00a0\u00bb Petits anges de No\u00ebl \u00a0\u00bb pour la d\u00e9coration de votre table de No\u00ebl, avec bougie led et diff\u00e9rentes couleurs et accessoires. 15 cm de hauteur, imprim\u00e9s avec imprimante 3D et bioplastique PLA, solution \u00e9cologique. Vous pouvez les commander ici au prix de CHF 25.- frais d&rsquo;envoi inclus \u00e0 partir de CHF 50.- Paiement par &hellip; <\/p>\n<p class=\"link-more\"><a href=\"https:\/\/stepbystep-book.ch\/en\/petits-anges-de-noel\/\" class=\"more-link\">Continue reading<span class=\"screen-reader-text\"> \u00ab\u00a0Petits anges de No\u00ebl\u00a0\u00bb<\/span><\/a><\/p>","protected":false},"author":1,"featured_media":0,"parent":0,"menu_order":0,"comment_status":"closed","ping_status":"closed","template":"elementor_header_footer","meta":{"om_disable_all_campaigns":false,"footnotes":""},"class_list":["post-2644","page","type-page","status-publish","hentry"],"jetpack_sharing_enabled":true,"post_mailing_queue_ids":[],"_links":{"self":[{"href":"https:\/\/stepbystep-book.ch\/en\/wp-json\/wp\/v2\/pages\/2644","targetHints":{"allow":["GET"]}}],"collection":[{"href":"https:\/\/stepbystep-book.ch\/en\/wp-json\/wp\/v2\/pages"}],"about":[{"href":"https:\/\/stepbystep-book.ch\/en\/wp-json\/wp\/v2\/types\/page"}],"author":[{"embeddable":true,"href":"https:\/\/stepbystep-book.ch\/en\/wp-json\/wp\/v2\/users\/1"}],"replies":[{"embeddable":true,"href":"https:\/\/stepbystep-book.ch\/en\/wp-json\/wp\/v2\/comments?post=2644"}],"version-history":[{"count":28,"href":"https:\/\/stepbystep-book.ch\/en\/wp-json\/wp\/v2\/pages\/2644\/revisions"}],"predecessor-version":[{"id":2672,"href":"https:\/\/stepbystep-book.ch\/en\/wp-json\/wp\/v2\/pages\/2644\/revisions\/2672"}],"wp:attachment":[{"href":"https:\/\/stepbystep-book.ch\/en\/wp-json\/wp\/v2\/media?parent=2644"}],"curies":[{"name":"wp","href":"https:\/\/api.w.org\/{rel}","templated":true}]}}