{"id":2394,"date":"2022-04-22T19:10:40","date_gmt":"2022-04-22T19:10:40","guid":{"rendered":"https:\/\/stepbystep-book.ch\/?page_id=2394"},"modified":"2023-03-10T22:01:47","modified_gmt":"2023-03-10T22:01:47","slug":"ange-demon","status":"publish","type":"page","link":"https:\/\/stepbystep-book.ch\/en\/ange-demon\/","title":{"rendered":"ANGE OU D\u00c9MON"},"content":{"rendered":"<div data-elementor-type=\"wp-page\" data-elementor-id=\"2394\" class=\"elementor elementor-2394\">\n\t\t\t\t\t\t<section class=\"elementor-section elementor-top-section elementor-element elementor-element-afbd29d elementor-section-boxed elementor-section-height-default elementor-section-height-default\" data-id=\"afbd29d\" data-element_type=\"section\">\n\t\t\t\t\t\t<div class=\"elementor-container elementor-column-gap-default\">\n\t\t\t\t\t<div class=\"elementor-column elementor-col-50 elementor-top-column elementor-element elementor-element-02c5056\" data-id=\"02c5056\" data-element_type=\"column\" data-settings=\"{&quot;background_background&quot;:&quot;classic&quot;}\">\n\t\t\t<div class=\"elementor-widget-wrap elementor-element-populated\">\n\t\t\t\t\t\t<div class=\"elementor-element elementor-element-d62f66c elementor-widget elementor-widget-image\" data-id=\"d62f66c\" data-element_type=\"widget\" data-settings=\"{&quot;_animation&quot;:&quot;none&quot;}\" data-widget_type=\"image.default\">\n\t\t\t\t<div class=\"elementor-widget-container\">\n\t\t\t\t\t\t\t\t\t\t\t\t<figure class=\"wp-caption\">\n\t\t\t\t\t\t\t\t\t\t<img fetchpriority=\"high\" decoding=\"async\" width=\"431\" height=\"607\" src=\"https:\/\/stepbystep-book.ch\/wp-content\/uploads\/2022\/04\/Ange-ou-De\u0301mon-recto.jpg\" class=\"attachment-full size-full wp-image-2390\" alt=\"\" srcset=\"https:\/\/stepbystep-book.ch\/wp-content\/uploads\/2022\/04\/Ange-ou-De\u0301mon-recto.jpg 431w, https:\/\/stepbystep-book.ch\/wp-content\/uploads\/2022\/04\/Ange-ou-De\u0301mon-recto-250x352.jpg 250w, https:\/\/stepbystep-book.ch\/wp-content\/uploads\/2022\/04\/Ange-ou-De\u0301mon-recto-350x493.jpg 350w, https:\/\/stepbystep-book.ch\/wp-content\/uploads\/2022\/04\/Ange-ou-De\u0301mon-recto-213x300.jpg 213w\" sizes=\"100vw\" \/>\t\t\t\t\t\t\t\t\t\t\t<figcaption class=\"widget-image-caption wp-caption-text\"><\/figcaption>\n\t\t\t\t\t\t\t\t\t\t<\/figure>\n\t\t\t\t\t\t\t\t\t<\/div>\n\t\t\t\t<\/div>\n\t\t\t\t<div class=\"elementor-element elementor-element-43850ba elementor-widget elementor-widget-image\" data-id=\"43850ba\" data-element_type=\"widget\" data-settings=\"{&quot;_animation&quot;:&quot;none&quot;}\" data-widget_type=\"image.default\">\n\t\t\t\t<div class=\"elementor-widget-container\">\n\t\t\t\t\t\t\t\t\t\t\t\t<figure class=\"wp-caption\">\n\t\t\t\t\t\t\t\t\t\t<img decoding=\"async\" width=\"431\" height=\"607\" src=\"https:\/\/stepbystep-book.ch\/wp-content\/uploads\/2022\/04\/Ange-ou-De\u0301mon-verso.jpg\" class=\"attachment-full size-full wp-image-2395\" alt=\"\" srcset=\"https:\/\/stepbystep-book.ch\/wp-content\/uploads\/2022\/04\/Ange-ou-De\u0301mon-verso.jpg 431w, https:\/\/stepbystep-book.ch\/wp-content\/uploads\/2022\/04\/Ange-ou-De\u0301mon-verso-250x352.jpg 250w, https:\/\/stepbystep-book.ch\/wp-content\/uploads\/2022\/04\/Ange-ou-De\u0301mon-verso-350x493.jpg 350w, https:\/\/stepbystep-book.ch\/wp-content\/uploads\/2022\/04\/Ange-ou-De\u0301mon-verso-213x300.jpg 213w\" sizes=\"100vw\" \/>\t\t\t\t\t\t\t\t\t\t\t<figcaption class=\"widget-image-caption wp-caption-text\"><\/figcaption>\n\t\t\t\t\t\t\t\t\t\t<\/figure>\n\t\t\t\t\t\t\t\t\t<\/div>\n\t\t\t\t<\/div>\n\t\t\t\t\t<\/div>\n\t\t<\/div>\n\t\t\t\t<div class=\"elementor-column elementor-col-50 elementor-top-column elementor-element elementor-element-679bbac\" data-id=\"679bbac\" data-element_type=\"column\">\n\t\t\t<div class=\"elementor-widget-wrap elementor-element-populated\">\n\t\t\t\t\t\t<div class=\"elementor-element elementor-element-a1e9511 elementor-widget elementor-widget-shortcode\" data-id=\"a1e9511\" data-element_type=\"widget\" data-widget_type=\"shortcode.default\">\n\t\t\t\t<div class=\"elementor-widget-container\">\n\t\t\t\t\t\t\t<div class=\"elementor-shortcode\">CARTE POSTALE<br>\nAnge ou D\u00e9mon<br><br>\n\nCOMBIEN?\n\n<br><br>CHF 2,50.- l'unit\u00e9 \n<br>\nFrais d'envoi inclus \u00e0 partir de CHF 20.- d'achat.\n\n<br><br>Format: A5 cm (14,8 \u00d7 21cm), papier mat 300 g, \n<\/div>\n\t\t\t\t\t\t<\/div>\n\t\t\t\t<\/div>\n\t\t\t\t<div class=\"elementor-element elementor-element-bf09e3c elementor-widget elementor-widget-button\" data-id=\"bf09e3c\" data-element_type=\"widget\" data-widget_type=\"button.default\">\n\t\t\t\t<div class=\"elementor-widget-container\">\n\t\t\t\t\t\t\t\t\t<div class=\"elementor-button-wrapper\">\n\t\t\t\t\t<a class=\"elementor-button elementor-button-link elementor-size-sm\" href=\"https:\/\/stepbystep-book.ch\/en\/commande-regroupee\/\">\n\t\t\t\t\t\t<span class=\"elementor-button-content-wrapper\">\n\t\t\t\t\t\t\t\t\t<span class=\"elementor-button-text\">Allez \u00e0 la boutique<\/span>\n\t\t\t\t\t<\/span>\n\t\t\t\t\t<\/a>\n\t\t\t\t<\/div>\n\t\t\t\t\t\t\t\t<\/div>\n\t\t\t\t<\/div>\n\t\t\t\t\t<\/div>\n\t\t<\/div>\n\t\t\t\t\t<\/div>\n\t\t<\/section>\n\t\t\t\t<section class=\"elementor-section elementor-top-section elementor-element elementor-element-7e5803b elementor-section-boxed elementor-section-height-default elementor-section-height-default\" data-id=\"7e5803b\" data-element_type=\"section\">\n\t\t\t\t\t\t<div class=\"elementor-container elementor-column-gap-default\">\n\t\t\t\t\t\t<\/div>\n\t\t<\/section>\n\t\t\t\t<section class=\"elementor-section elementor-top-section elementor-element elementor-element-f126cca elementor-section-boxed elementor-section-height-default elementor-section-height-default\" data-id=\"f126cca\" data-element_type=\"section\">\n\t\t\t\t\t\t<div class=\"elementor-container elementor-column-gap-default\">\n\t\t\t\t\t<div class=\"elementor-column elementor-col-100 elementor-top-column elementor-element elementor-element-a972cd5\" data-id=\"a972cd5\" data-element_type=\"column\">\n\t\t\t<div class=\"elementor-widget-wrap\">\n\t\t\t\t\t\t\t<\/div>\n\t\t<\/div>\n\t\t\t\t\t<\/div>\n\t\t<\/section>\n\t\t\t\t<\/div>","protected":false},"excerpt":{"rendered":"<p>CARTE POSTALE Ange ou D\u00e9mon COMBIEN? CHF 2,50.- l&rsquo;unit\u00e9 Frais d&rsquo;envoi inclus \u00e0 partir de CHF 20.- d&rsquo;achat. Format: A5 cm (14,8 \u00d7 21cm), papier mat 300 g, Allez \u00e0 la boutique<\/p>","protected":false},"author":1,"featured_media":0,"parent":0,"menu_order":0,"comment_status":"closed","ping_status":"closed","template":"elementor_header_footer","meta":{"om_disable_all_campaigns":false,"footnotes":""},"class_list":["post-2394","page","type-page","status-publish","hentry"],"jetpack_sharing_enabled":true,"post_mailing_queue_ids":[],"_links":{"self":[{"href":"https:\/\/stepbystep-book.ch\/en\/wp-json\/wp\/v2\/pages\/2394","targetHints":{"allow":["GET"]}}],"collection":[{"href":"https:\/\/stepbystep-book.ch\/en\/wp-json\/wp\/v2\/pages"}],"about":[{"href":"https:\/\/stepbystep-book.ch\/en\/wp-json\/wp\/v2\/types\/page"}],"author":[{"embeddable":true,"href":"https:\/\/stepbystep-book.ch\/en\/wp-json\/wp\/v2\/users\/1"}],"replies":[{"embeddable":true,"href":"https:\/\/stepbystep-book.ch\/en\/wp-json\/wp\/v2\/comments?post=2394"}],"version-history":[{"count":17,"href":"https:\/\/stepbystep-book.ch\/en\/wp-json\/wp\/v2\/pages\/2394\/revisions"}],"predecessor-version":[{"id":2785,"href":"https:\/\/stepbystep-book.ch\/en\/wp-json\/wp\/v2\/pages\/2394\/revisions\/2785"}],"wp:attachment":[{"href":"https:\/\/stepbystep-book.ch\/en\/wp-json\/wp\/v2\/media?parent=2394"}],"curies":[{"name":"wp","href":"https:\/\/api.w.org\/{rel}","templated":true}]}}