{"id":2227,"date":"2022-04-09T10:37:35","date_gmt":"2022-04-09T10:37:35","guid":{"rendered":"https:\/\/stepbystep-book.ch\/?page_id=2227"},"modified":"2022-04-09T11:44:44","modified_gmt":"2022-04-09T11:44:44","slug":"sagittaire","status":"publish","type":"page","link":"https:\/\/stepbystep-book.ch\/en\/sagittaire\/","title":{"rendered":"SAGITTAIRE"},"content":{"rendered":"<div data-elementor-type=\"wp-page\" data-elementor-id=\"2227\" class=\"elementor elementor-2227\">\n\t\t\t\t\t\t<section class=\"elementor-section elementor-top-section elementor-element elementor-element-afbd29d elementor-section-boxed elementor-section-height-default elementor-section-height-default\" data-id=\"afbd29d\" data-element_type=\"section\">\n\t\t\t\t\t\t<div class=\"elementor-container elementor-column-gap-default\">\n\t\t\t\t\t<div class=\"elementor-column elementor-col-50 elementor-top-column elementor-element elementor-element-02c5056\" data-id=\"02c5056\" data-element_type=\"column\" data-settings=\"{&quot;background_background&quot;:&quot;classic&quot;}\">\n\t\t\t<div class=\"elementor-widget-wrap elementor-element-populated\">\n\t\t\t\t\t\t<div class=\"elementor-element elementor-element-c93d8a9 elementor-widget elementor-widget-image\" data-id=\"c93d8a9\" data-element_type=\"widget\" data-settings=\"{&quot;_animation&quot;:&quot;none&quot;}\" data-widget_type=\"image.default\">\n\t\t\t\t<div class=\"elementor-widget-container\">\n\t\t\t\t\t\t\t\t\t\t\t\t<figure class=\"wp-caption\">\n\t\t\t\t\t\t\t\t\t\t<img fetchpriority=\"high\" decoding=\"async\" width=\"431\" height=\"607\" src=\"https:\/\/stepbystep-book.ch\/wp-content\/uploads\/2022\/04\/9-Sagittaire-2-1.jpg\" class=\"attachment-full size-full wp-image-2064\" alt=\"\" srcset=\"https:\/\/stepbystep-book.ch\/wp-content\/uploads\/2022\/04\/9-Sagittaire-2-1.jpg 431w, https:\/\/stepbystep-book.ch\/wp-content\/uploads\/2022\/04\/9-Sagittaire-2-1-250x352.jpg 250w, https:\/\/stepbystep-book.ch\/wp-content\/uploads\/2022\/04\/9-Sagittaire-2-1-350x493.jpg 350w, https:\/\/stepbystep-book.ch\/wp-content\/uploads\/2022\/04\/9-Sagittaire-2-1-213x300.jpg 213w\" sizes=\"100vw\" \/>\t\t\t\t\t\t\t\t\t\t\t<figcaption class=\"widget-image-caption wp-caption-text\"><\/figcaption>\n\t\t\t\t\t\t\t\t\t\t<\/figure>\n\t\t\t\t\t\t\t\t\t<\/div>\n\t\t\t\t<\/div>\n\t\t\t\t<div class=\"elementor-element elementor-element-ca30f90 elementor-widget elementor-widget-image\" data-id=\"ca30f90\" data-element_type=\"widget\" data-settings=\"{&quot;_animation&quot;:&quot;none&quot;}\" data-widget_type=\"image.default\">\n\t\t\t\t<div class=\"elementor-widget-container\">\n\t\t\t\t\t\t\t\t\t\t\t\t<figure class=\"wp-caption\">\n\t\t\t\t\t\t\t\t\t\t<img decoding=\"async\" width=\"431\" height=\"607\" src=\"https:\/\/stepbystep-book.ch\/wp-content\/uploads\/2022\/04\/9-Sagittaire-carte-postale-2.jpg\" class=\"attachment-full size-full wp-image-2279\" alt=\"\" srcset=\"https:\/\/stepbystep-book.ch\/wp-content\/uploads\/2022\/04\/9-Sagittaire-carte-postale-2.jpg 431w, https:\/\/stepbystep-book.ch\/wp-content\/uploads\/2022\/04\/9-Sagittaire-carte-postale-2-250x352.jpg 250w, https:\/\/stepbystep-book.ch\/wp-content\/uploads\/2022\/04\/9-Sagittaire-carte-postale-2-350x493.jpg 350w, https:\/\/stepbystep-book.ch\/wp-content\/uploads\/2022\/04\/9-Sagittaire-carte-postale-2-213x300.jpg 213w\" sizes=\"100vw\" \/>\t\t\t\t\t\t\t\t\t\t\t<figcaption class=\"widget-image-caption wp-caption-text\"><\/figcaption>\n\t\t\t\t\t\t\t\t\t\t<\/figure>\n\t\t\t\t\t\t\t\t\t<\/div>\n\t\t\t\t<\/div>\n\t\t\t\t\t<\/div>\n\t\t<\/div>\n\t\t\t\t<div class=\"elementor-column elementor-col-50 elementor-top-column elementor-element elementor-element-679bbac\" data-id=\"679bbac\" data-element_type=\"column\">\n\t\t\t<div class=\"elementor-widget-wrap elementor-element-populated\">\n\t\t\t\t\t\t<div class=\"elementor-element elementor-element-a1e9511 elementor-widget elementor-widget-shortcode\" data-id=\"a1e9511\" data-element_type=\"widget\" data-widget_type=\"shortcode.default\">\n\t\t\t\t<div class=\"elementor-widget-container\">\n\t\t\t\t\t\t\t<div class=\"elementor-shortcode\">CARTES POSTALES SIGNE DU ZODIAC<br><br>\nEnvoyez un message d'anniversaire avec le signe du zodiaque .\n<br><br>\nCOMBIEN?\n\n<br><br>\nCHF 2,50 l'unit\u00e9 \n<br>\nCHF 2.- \u00e0 partir de 4 cartes \n<br>\nFrais d'envoi inclus \u00e0 partir de CHF 15.- d'achat.\n<br><br>\nPaiement par TWINT 076 451 05 79 ou par virement bancaire \u00e0:\n<br>Fabiola Wunderlin IBAN CH09 0900 0000 1438 4254 5\n\n<br><br>Format: A5 cm (14,8 \u00d7 21cm), papier mat 300 g.\n\n\n<br>\n<br>\n\n<div class=\"wpcf7 no-js\" id=\"wpcf7-f2114-o1\" lang=\"fr-FR\" dir=\"ltr\" data-wpcf7-id=\"2114\">\n<div class=\"screen-reader-response\"><p role=\"status\" aria-live=\"polite\" aria-atomic=\"true\"><\/p> <ul><\/ul><\/div>\n<form action=\"\/en\/wp-json\/wp\/v2\/pages\/2227#wpcf7-f2114-o1\" method=\"post\" class=\"wpcf7-form init\" aria-label=\"Formulaire de contact\" novalidate=\"novalidate\" data-status=\"init\" data-trp-original-action=\"\/en\/wp-json\/wp\/v2\/pages\/2227#wpcf7-f2114-o1\">\n<fieldset class=\"hidden-fields-container\"><input type=\"hidden\" name=\"_wpcf7\" value=\"2114\" \/><input type=\"hidden\" name=\"_wpcf7_version\" value=\"6.1.3\" \/><input type=\"hidden\" name=\"_wpcf7_locale\" value=\"fr_FR\" \/><input type=\"hidden\" name=\"_wpcf7_unit_tag\" value=\"wpcf7-f2114-o1\" \/><input type=\"hidden\" name=\"_wpcf7_container_post\" value=\"0\" \/><input type=\"hidden\" name=\"_wpcf7_posted_data_hash\" value=\"\" \/><input type=\"hidden\" name=\"_wpcf7_recaptcha_response\" value=\"\" \/>\n<\/fieldset>\n<p><label> Vos cartes \"B\u00e9lier\"<br \/>\n<span class=\"wpcf7-form-control-wrap\" data-name=\"BELIER\"><input class=\"wpcf7-form-control wpcf7-number wpcf7-validates-as-number\" aria-invalid=\"false\" placeholder=\"Nb. de cartes\" value=\"\" type=\"number\" name=\"BELIER\" \/><\/span><\/label><br \/>\n<label> Vos cartes \"Taureau\"<br \/>\n<span class=\"wpcf7-form-control-wrap\" data-name=\"TAUREAU\"><input class=\"wpcf7-form-control wpcf7-number wpcf7-validates-as-number\" aria-invalid=\"false\" placeholder=\"Nb. de cartes\" value=\"\" type=\"number\" name=\"TAUREAU\" \/><\/span><\/label><br \/>\n<label> Vos cartes \"G\u00e9meaux\"<br \/>\n<span class=\"wpcf7-form-control-wrap\" data-name=\"GEMEAUX\"><input class=\"wpcf7-form-control wpcf7-number wpcf7-validates-as-number\" aria-invalid=\"false\" placeholder=\"Nb. de cartes\" value=\"\" type=\"number\" name=\"GEMEAUX\" \/><\/span><\/label><br \/>\n<label> Vos cartes \"Cancer\"<br \/>\n<span class=\"wpcf7-form-control-wrap\" data-name=\"CANCER\"><input class=\"wpcf7-form-control wpcf7-number wpcf7-validates-as-number\" aria-invalid=\"false\" placeholder=\"Nb. de cartes\" value=\"\" type=\"number\" name=\"CANCER\" \/><\/span><\/label><br \/>\n<label> Vos cartes \"Lion\"<br \/>\n<span class=\"wpcf7-form-control-wrap\" data-name=\"LION\"><input class=\"wpcf7-form-control wpcf7-number wpcf7-validates-as-number\" aria-invalid=\"false\" placeholder=\"Nb. de cartes\" value=\"\" type=\"number\" name=\"LION\" \/><\/span><\/label><br \/>\n<label> Vos cartes \"Vierge\"<br \/>\n<span class=\"wpcf7-form-control-wrap\" data-name=\"VIERGE\"><input class=\"wpcf7-form-control wpcf7-number wpcf7-validates-as-number\" aria-invalid=\"false\" placeholder=\"Nb. de cartes\" value=\"\" type=\"number\" name=\"VIERGE\" \/><\/span><\/label><br \/>\n<label> Vos cartes \"Balance\"<br \/>\n<span class=\"wpcf7-form-control-wrap\" data-name=\"BALANCE\"><input class=\"wpcf7-form-control wpcf7-number wpcf7-validates-as-number\" aria-invalid=\"false\" placeholder=\"Nb. de cartes\" value=\"\" type=\"number\" name=\"BALANCE\" \/><\/span><\/label><br \/>\n<label> Vos cartes \"Scorpion\"<br \/>\n<span class=\"wpcf7-form-control-wrap\" data-name=\"SCORPION\"><input class=\"wpcf7-form-control wpcf7-number wpcf7-validates-as-number\" aria-invalid=\"false\" placeholder=\"Nb. de cartes\" value=\"\" type=\"number\" name=\"SCORPION\" \/><\/span><\/label><br \/>\n<label> Vos cartes \"Sagittaire\"<br \/>\n<span class=\"wpcf7-form-control-wrap\" data-name=\"SAGITTAIRE\"><input class=\"wpcf7-form-control wpcf7-number wpcf7-validates-as-number\" aria-invalid=\"false\" placeholder=\"Nb. de cartes\" value=\"\" type=\"number\" name=\"SAGITTAIRE\" \/><\/span><\/label><br \/>\n<label> Vos cartes \"Capricorne\"<br \/>\n<span class=\"wpcf7-form-control-wrap\" data-name=\"CAPRICORNE\"><input class=\"wpcf7-form-control wpcf7-number wpcf7-validates-as-number\" aria-invalid=\"false\" placeholder=\"Nb. de cartes\" value=\"\" type=\"number\" name=\"CAPRICORNE\" \/><\/span><\/label><br \/>\n<label> Vos cartes \"Verseau\"<br \/>\n<span class=\"wpcf7-form-control-wrap\" data-name=\"VERSEAU\"><input class=\"wpcf7-form-control wpcf7-number wpcf7-validates-as-number\" aria-invalid=\"false\" placeholder=\"Nb. de cartes\" value=\"\" type=\"number\" name=\"VERSEAU\" \/><\/span><\/label><br \/>\n<label> Vos cartes \"Poisson\"<br \/>\n<span class=\"wpcf7-form-control-wrap\" data-name=\"POISSON\"><input class=\"wpcf7-form-control wpcf7-number wpcf7-validates-as-number\" aria-invalid=\"false\" placeholder=\"Nb. de cartes\" value=\"\" type=\"number\" name=\"POISSON\" \/><\/span><\/label>\n<\/p>\n<p><label> Nom\/pr\u00e9nom (obligatoire)<br \/>\n<span class=\"wpcf7-form-control-wrap\" data-name=\"your-name\"><input size=\"40\" maxlength=\"400\" class=\"wpcf7-form-control wpcf7-text wpcf7-validates-as-required\" aria-required=\"true\" aria-invalid=\"false\" value=\"\" type=\"text\" name=\"your-name\" \/><\/span> <\/label>\n<\/p>\n<p><label> Email (obligatoire)<br \/>\n<span class=\"wpcf7-form-control-wrap\" data-name=\"your-email\"><input size=\"40\" maxlength=\"400\" class=\"wpcf7-form-control wpcf7-email wpcf7-validates-as-required wpcf7-text wpcf7-validates-as-email\" aria-required=\"true\" aria-invalid=\"false\" value=\"\" type=\"email\" name=\"your-email\" \/><\/span> <\/label>\n<\/p>\n<p><label> T\u00e9l\u00e9phone<br \/>\n<span class=\"wpcf7-form-control-wrap\" data-name=\"your-tel\"><input size=\"40\" maxlength=\"400\" class=\"wpcf7-form-control wpcf7-tel wpcf7-text wpcf7-validates-as-tel\" aria-invalid=\"false\" value=\"\" type=\"tel\" name=\"your-tel\" \/><\/span><\/label>\n<\/p>\n<p><label> Adresse<br \/>\n<span class=\"wpcf7-form-control-wrap\" data-name=\"Votreadresse\"><input size=\"40\" maxlength=\"400\" class=\"wpcf7-form-control wpcf7-text\" aria-invalid=\"false\" placeholder=\"\" value=\"\" type=\"text\" name=\"Votreadresse\" \/><\/span><\/label>\n<\/p>\n<p><label> Code postal<br \/>\n<span class=\"wpcf7-form-control-wrap\" data-name=\"Codepostal\"><input size=\"40\" maxlength=\"400\" class=\"wpcf7-form-control wpcf7-text wpcf7-validates-as-required\" aria-required=\"true\" aria-invalid=\"false\" placeholder=\"\" value=\"\" type=\"text\" name=\"Codepostal\" \/><\/span><\/label>\n<\/p>\n<p><label> Ville<br \/>\n<span class=\"wpcf7-form-control-wrap\" data-name=\"Ville\"><input size=\"40\" maxlength=\"400\" class=\"wpcf7-form-control wpcf7-text\" aria-invalid=\"false\" placeholder=\"\" value=\"\" type=\"text\" name=\"Ville\" \/><\/span><\/label>\n<\/p>\n<p><label> Mode de paiement<br \/>\n<span class=\"wpcf7-form-control-wrap\" data-name=\"TWINT\"><span class=\"wpcf7-form-control wpcf7-checkbox\"><span class=\"wpcf7-list-item first last\"><label><input type=\"checkbox\" name=\"TWINT[]\" value=\"twint\" \/><span class=\"wpcf7-list-item-label\">twint<\/span><\/label><\/span><\/span><\/span><\/label><span class=\"wpcf7-form-control-wrap\" data-name=\"Transfertbancaire\"><span class=\"wpcf7-form-control wpcf7-checkbox\"><span class=\"wpcf7-list-item first last\"><label><input type=\"checkbox\" name=\"Transfertbancaire[]\" value=\"Transfert bancaire\" \/><span class=\"wpcf7-list-item-label\">Transfert bancaire<\/span><\/label><\/span><\/span><\/span>\n<\/p>\n<p><label> Votre message<br \/>\n<span class=\"wpcf7-form-control-wrap\" data-name=\"your-message\"><textarea cols=\"40\" rows=\"10\" maxlength=\"2000\" class=\"wpcf7-form-control wpcf7-textarea\" aria-invalid=\"false\" name=\"your-message\"><\/textarea><\/span> <\/label>\n<\/p>\n<p><input class=\"wpcf7-form-control wpcf7-submit has-spinner\" type=\"submit\" value=\"Envoyer\" \/>\n<\/p><div class=\"wpcf7-response-output\" aria-hidden=\"true\"><\/div>\n<input type=\"hidden\" name=\"trp-form-language\" value=\"en\"\/><\/form>\n<\/div>\n<\/div>\n\t\t\t\t\t\t<\/div>\n\t\t\t\t<\/div>\n\t\t\t\t\t<\/div>\n\t\t<\/div>\n\t\t\t\t\t<\/div>\n\t\t<\/section>\n\t\t\t\t<\/div>","protected":false},"excerpt":{"rendered":"<p>CARTES POSTALES SIGNE DU ZODIAC Envoyez un message d&rsquo;anniversaire avec le signe du zodiaque . COMBIEN? CHF 2,50 l&rsquo;unit\u00e9 CHF 2.- \u00e0 partir de 4 cartes Frais d&rsquo;envoi inclus \u00e0 partir de CHF 15.- d&rsquo;achat. Paiement par TWINT 076 451 05 79 ou par virement bancaire \u00e0: Fabiola Wunderlin IBAN CH09 0900 0000 1438 4254 &hellip; <\/p>\n<p class=\"link-more\"><a href=\"https:\/\/stepbystep-book.ch\/en\/sagittaire\/\" class=\"more-link\">Continue reading<span class=\"screen-reader-text\"> \u00ab\u00a0SAGITTAIRE\u00a0\u00bb<\/span><\/a><\/p>","protected":false},"author":1,"featured_media":0,"parent":0,"menu_order":0,"comment_status":"closed","ping_status":"closed","template":"elementor_header_footer","meta":{"om_disable_all_campaigns":false,"footnotes":""},"class_list":["post-2227","page","type-page","status-publish","hentry"],"jetpack_sharing_enabled":true,"post_mailing_queue_ids":[],"_links":{"self":[{"href":"https:\/\/stepbystep-book.ch\/en\/wp-json\/wp\/v2\/pages\/2227","targetHints":{"allow":["GET"]}}],"collection":[{"href":"https:\/\/stepbystep-book.ch\/en\/wp-json\/wp\/v2\/pages"}],"about":[{"href":"https:\/\/stepbystep-book.ch\/en\/wp-json\/wp\/v2\/types\/page"}],"author":[{"embeddable":true,"href":"https:\/\/stepbystep-book.ch\/en\/wp-json\/wp\/v2\/users\/1"}],"replies":[{"embeddable":true,"href":"https:\/\/stepbystep-book.ch\/en\/wp-json\/wp\/v2\/comments?post=2227"}],"version-history":[{"count":7,"href":"https:\/\/stepbystep-book.ch\/en\/wp-json\/wp\/v2\/pages\/2227\/revisions"}],"predecessor-version":[{"id":2282,"href":"https:\/\/stepbystep-book.ch\/en\/wp-json\/wp\/v2\/pages\/2227\/revisions\/2282"}],"wp:attachment":[{"href":"https:\/\/stepbystep-book.ch\/en\/wp-json\/wp\/v2\/media?parent=2227"}],"curies":[{"name":"wp","href":"https:\/\/api.w.org\/{rel}","templated":true}]}}