{"id":2,"date":"2020-03-18T13:16:40","date_gmt":"2020-03-18T13:16:40","guid":{"rendered":"https:\/\/stepbystep-book.ch\/?page_id=2"},"modified":"2024-09-02T06:29:53","modified_gmt":"2024-09-02T06:29:53","slug":"home","status":"publish","type":"page","link":"https:\/\/stepbystep-book.ch\/en\/","title":{"rendered":"Home"},"content":{"rendered":"<div data-elementor-type=\"wp-page\" data-elementor-id=\"2\" class=\"elementor elementor-2\">\n\t\t\t\t\t\t<section class=\"elementor-section elementor-top-section elementor-element elementor-element-bb162f3 elementor-section-boxed elementor-section-height-default elementor-section-height-default\" data-id=\"bb162f3\" data-element_type=\"section\">\n\t\t\t\t\t\t<div class=\"elementor-container elementor-column-gap-default\">\n\t\t\t\t\t<div class=\"elementor-column elementor-col-100 elementor-top-column elementor-element elementor-element-f95d5e5\" data-id=\"f95d5e5\" data-element_type=\"column\">\n\t\t\t<div class=\"elementor-widget-wrap elementor-element-populated\">\n\t\t\t\t\t\t<div class=\"elementor-element elementor-element-191a30b elementor-widget elementor-widget-heading\" data-id=\"191a30b\" data-element_type=\"widget\" data-widget_type=\"heading.default\">\n\t\t\t\t<div class=\"elementor-widget-container\">\n\t\t\t\t\t<h2 class=\"elementor-heading-title elementor-size-default\">Welcome to Step by Step book<\/h2>\t\t\t\t<\/div>\n\t\t\t\t<\/div>\n\t\t\t\t\t<\/div>\n\t\t<\/div>\n\t\t\t\t\t<\/div>\n\t\t<\/section>\n\t\t\t\t<section class=\"elementor-section elementor-top-section elementor-element elementor-element-ea1079a elementor-section-boxed elementor-section-height-default elementor-section-height-default\" data-id=\"ea1079a\" data-element_type=\"section\">\n\t\t\t\t\t\t<div class=\"elementor-container elementor-column-gap-default\">\n\t\t\t\t\t<div class=\"elementor-column elementor-col-100 elementor-top-column elementor-element elementor-element-6347d6c\" data-id=\"6347d6c\" data-element_type=\"column\">\n\t\t\t<div class=\"elementor-widget-wrap elementor-element-populated\">\n\t\t\t\t\t\t<div class=\"elementor-element elementor-element-23f7695 elementor-widget elementor-widget-text-editor\" data-id=\"23f7695\" data-element_type=\"widget\" data-widget_type=\"text-editor.default\">\n\t\t\t\t<div class=\"elementor-widget-container\">\n\t\t\t\t\t\t\t\t\t<p>Fabiola WUNDERLIN<\/p><p>Graphic designer, web designer, illustrator, painter, marketing coordinator, with over 30 years of experience in graphic design, illustration, painting and mixed media.<\/p><p>For me, imagination has no limits, through my illustrations and paintings, I create these fantastic worlds where everything is possible, where creativity is Queen.<\/p><p><strong><a href=\"https:\/\/www.thinkweb.ch\/\" target=\"_blank\" rel=\"noopener\">En savoir plus&#8230;<\/a><\/strong><\/p>\t\t\t\t\t\t\t\t<\/div>\n\t\t\t\t<\/div>\n\t\t\t\t\t<\/div>\n\t\t<\/div>\n\t\t\t\t\t<\/div>\n\t\t<\/section>\n\t\t\t\t<\/div>","protected":false},"excerpt":{"rendered":"<p>Bienvenue sur le site Step by Step book Fabiola WUNDERLIN Graphiste, Web designer, illustratrice, peintre, coordinatrice marketing, avec plus de 30 ans d&rsquo;exp\u00e9rience dans la conception graphique, l&rsquo;illustration, la peinture et les techniques mixtes. Pour moi, l&rsquo;imagination n&rsquo;a pas de limites, \u00e0 travers mes illustrations et mes peintures, je cr\u00e9e ces mondes fantastiques o\u00f9 tout &hellip; <\/p>\n<p class=\"link-more\"><a href=\"https:\/\/stepbystep-book.ch\/en\/\" class=\"more-link\">Continue reading<span class=\"screen-reader-text\"> \u00ab\u00a0Home\u00a0\u00bb<\/span><\/a><\/p>","protected":false},"author":1,"featured_media":0,"parent":0,"menu_order":0,"comment_status":"closed","ping_status":"closed","template":"","meta":{"om_disable_all_campaigns":false,"footnotes":""},"class_list":["post-2","page","type-page","status-publish","hentry"],"jetpack_sharing_enabled":true,"post_mailing_queue_ids":[],"_links":{"self":[{"href":"https:\/\/stepbystep-book.ch\/en\/wp-json\/wp\/v2\/pages\/2","targetHints":{"allow":["GET"]}}],"collection":[{"href":"https:\/\/stepbystep-book.ch\/en\/wp-json\/wp\/v2\/pages"}],"about":[{"href":"https:\/\/stepbystep-book.ch\/en\/wp-json\/wp\/v2\/types\/page"}],"author":[{"embeddable":true,"href":"https:\/\/stepbystep-book.ch\/en\/wp-json\/wp\/v2\/users\/1"}],"replies":[{"embeddable":true,"href":"https:\/\/stepbystep-book.ch\/en\/wp-json\/wp\/v2\/comments?post=2"}],"version-history":[{"count":30,"href":"https:\/\/stepbystep-book.ch\/en\/wp-json\/wp\/v2\/pages\/2\/revisions"}],"predecessor-version":[{"id":2874,"href":"https:\/\/stepbystep-book.ch\/en\/wp-json\/wp\/v2\/pages\/2\/revisions\/2874"}],"wp:attachment":[{"href":"https:\/\/stepbystep-book.ch\/en\/wp-json\/wp\/v2\/media?parent=2"}],"curies":[{"name":"wp","href":"https:\/\/api.w.org\/{rel}","templated":true}]}}