{"id":1429,"date":"2022-02-22T11:13:51","date_gmt":"2022-02-22T11:13:51","guid":{"rendered":"https:\/\/stepbystep-book.ch\/?page_id=1429"},"modified":"2022-02-22T11:46:39","modified_gmt":"2022-02-22T11:46:39","slug":"formulaire","status":"publish","type":"page","link":"https:\/\/stepbystep-book.ch\/en\/formulaire\/","title":{"rendered":"Formulaire"},"content":{"rendered":"<div data-elementor-type=\"wp-page\" data-elementor-id=\"1429\" class=\"elementor elementor-1429\">\n\t\t\t\t\t\t<section class=\"elementor-section elementor-top-section elementor-element elementor-element-a7c0953 elementor-section-boxed elementor-section-height-default elementor-section-height-default\" data-id=\"a7c0953\" data-element_type=\"section\">\n\t\t\t\t\t\t<div class=\"elementor-container elementor-column-gap-default\">\n\t\t\t\t\t<div class=\"elementor-column elementor-col-100 elementor-top-column elementor-element elementor-element-361e1cf\" data-id=\"361e1cf\" data-element_type=\"column\">\n\t\t\t<div class=\"elementor-widget-wrap elementor-element-populated\">\n\t\t\t\t\t\t<div class=\"elementor-element elementor-element-bbd95c5 elementor-widget elementor-widget-html\" data-id=\"bbd95c5\" data-element_type=\"widget\" data-widget_type=\"html.default\">\n\t\t\t\t<div class=\"elementor-widget-container\">\n\t\t\t\t\t<style type=\"text\/css\" scoped>\r    .mauticform_wrapper { max-width: 300px; margin: 2px auto; color: #6f6f6f; font-weight: 200; font-family: 'Helvetica Neue', Helvetica, Arial, sans-serif; font-size: 14px;}\r    .mauticform-innerform {}\r    .mauticform-post-success {}\r    .mauticform-name { font-weight: normal; font-size: 1.5em; margin-bottom: 2px; }\r    .mauticform-description { margin-top: 2px; margin-bottom: 2px; }\r    .mauticform-error { margin-bottom: 2px; color: red; }\r    .mauticform-message { margin-bottom: 2px;color: green; }\r    .mauticform-row { display: block; margin-bottom: 2px; }\r    .mauticform-label { font-size: 1.1em; display: block; font-weight: normal; margin-bottom: 2px; color: #000000; }\r    .mauticform-row.mauticform-required .mauticform-label:after { color: #e32; content: \" *\"; display: inline; }\r    .mauticform-helpmessage { display: block; font-size: 0.9em; margin-bottom: 2px; }\r    .mauticform-errormsg { display: block; color: black; margin-top: 2px; }\r    .mauticform-selectbox, .mauticform-input, .mauticform-textarea { width: 100%; padding: 0.1em 0.5em; border: 0; border-bottom: 1px solid #000000; background: inherit; box-sizing: border-box; }\r    .mauticform-checkboxgrp-row {}\r    .mauticform-checkboxgrp-label { font-weight: normal; }\r    .mauticform-checkboxgrp-checkbox {}\r    .mauticform-radiogrp-row {}\r    .mauticform-radiogrp-label { font-weight: normal; }\r    .mauticform-radiogrp-radio {}\r    .mauticform-pagebreak-wrapper .btn-default, .mauticform-pagebreak-wrapper .btn-default:hover, .mauticform-pagebreak-wrapper .btn-default:active { display: inline-block;margin-bottom: 0; text-align: center;vertical-align: middle;cursor: pointer;color: #333333;background-color: inherit;border: 2px solid #000000;white-space: nowrap;padding: 6px 12px;font-size: 14px;line-height: 1.3856;-webkit-user-select: none;-moz-user-select: none;-ms-user-select: none;user-select: none;}\r    .mauticform-button-wrapper .mauticform-button.btn-default { color: #ffffff;background-color: #ff0000;border-color: #ff0000;}\r    .mauticform-button-wrapper .mauticform-button { display: inline-block;margin-bottom: 0;font-weight: 600;text-align: center;vertical-align: middle;cursor: pointer;background-image: none;border: 2px solid #ff0000;white-space: nowrap;padding: 5px 12px;font-size: 14px;line-height: 1.3856;-webkit-user-select: none;-moz-user-select: none;-ms-user-select: none;user-select: none;}\r    .mauticform-button-wrapper .mauticform-button.btn-default[disabled] { background-color: #ff0000; border-color: #ff0000;}\r    .mauticform-pagebreak-wrapper .mauticform-button-wrapper {  display: inline; }\r<\/style>\r<div id=\"mauticform_wrapper_flottantquestion\" class=\"mauticform_wrapper\">\r    <form autocomplete=\"false\" role=\"form\" method=\"post\" action=\"https:\/\/urgent-assistance.engage366.ch\/form\/submit?formId=23\" id=\"mauticform_flottantquestion\" data-mautic-form=\"flottantquestion\" enctype=\"multipart\/form-data\">\r        <div class=\"mauticform-error\" id=\"mauticform_flottantquestion_error\"><\/div>\r        <div class=\"mauticform-message\" id=\"mauticform_flottantquestion_message\"><\/div>\r        <div class=\"mauticform-innerform\">\r\r            \r          <div class=\"mauticform-page-wrapper mauticform-page-1\" data-mautic-form-page=\"1\">\r\r            <div id=\"mauticform_flottantquestion_mon_nom\" data-validate=\"mon_nom\" data-validation-type=\"text\" class=\"mauticform-row mauticform-text mauticform-field-1 mauticform-required\">\r                <label id=\"mauticform_label_flottantquestion_mon_nom\" for=\"mauticform_input_flottantquestion_mon_nom\" class=\"mauticform-label\">Mon nom :<\/label>\r                <input id=\"mauticform_input_flottantquestion_mon_nom\" name=\"mauticform[mon_nom]\" value=\"\" class=\"mauticform-input\" type=\"text\">\r                <span class=\"mauticform-errormsg\" style=\"display: none;\">Ceci est requis.<\/span>\r            <\/div>\r\r            <div id=\"mauticform_flottantquestion_mon_numero_de_telephone\" data-validate=\"mon_numero_de_telephone\" data-validation-type=\"tel\" class=\"mauticform-row mauticform-tel mauticform-field-2 mauticform-required\">\r                <label id=\"mauticform_label_flottantquestion_mon_numero_de_telephone\" for=\"mauticform_input_flottantquestion_mon_numero_de_telephone\" class=\"mauticform-label\">Mon num\u00e9ro de t\u00e9l\u00e9phone :<\/label>\r                <input id=\"mauticform_input_flottantquestion_mon_numero_de_telephone\" name=\"mauticform[mon_numero_de_telephone]\" value=\"\" class=\"mauticform-input\" type=\"tel\">\r                <span class=\"mauticform-errormsg\" style=\"display: none;\">Ceci est requis.<\/span>\r            <\/div>\r\r            <div id=\"mauticform_flottantquestion_email\" data-validate=\"email\" data-validation-type=\"email\" class=\"mauticform-row mauticform-email mauticform-field-3 mauticform-required\">\r                <label id=\"mauticform_label_flottantquestion_email\" for=\"mauticform_input_flottantquestion_email\" class=\"mauticform-label\">Mon e-mail<\/label>\r                <input id=\"mauticform_input_flottantquestion_email\" name=\"mauticform[email]\" value=\"\" class=\"mauticform-input\" type=\"email\">\r                <span class=\"mauticform-errormsg\" style=\"display: none;\">Ceci est requis.<\/span>\r            <\/div>\r\r            <div id=\"mauticform_flottantquestion_mon_message\" class=\"mauticform-row mauticform-text mauticform-field-4\">\r                <label id=\"mauticform_label_flottantquestion_mon_message\" for=\"mauticform_input_flottantquestion_mon_message\" class=\"mauticform-label\">Mon message<\/label>\r                <textarea id=\"mauticform_input_flottantquestion_mon_message\" name=\"mauticform[mon_message]\" class=\"mauticform-textarea\"><\/textarea>\r                <span class=\"mauticform-errormsg\" style=\"display: none;\"><\/span>\r            <\/div>\r\r            <div id=\"mauticform_flottantquestion_submit\" class=\"mauticform-row mauticform-button-wrapper mauticform-field-5\">\r                <button type=\"submit\" name=\"mauticform[submit]\" id=\"mauticform_input_flottantquestion_submit\" value=\"\" class=\"mauticform-button btn btn-default\">Me rappeler<\/button>\r            <\/div>\r            <\/div>\r        <\/div>\r\r        <input type=\"hidden\" name=\"mauticform[formId]\" id=\"mauticform_flottantquestion_id\" value=\"12\">\r        <input type=\"hidden\" name=\"mauticform[return]\" id=\"mauticform_flottantquestion_return\" value=\"\">\r        <input type=\"hidden\" name=\"mauticform[formName]\" id=\"mauticform_flottantquestion_name\" value=\"flottantquestion\">\r\r        <\/form>\r<\/div>\r\r\t\t\t\t<\/div>\n\t\t\t\t<\/div>\n\t\t\t\t\t<\/div>\n\t\t<\/div>\n\t\t\t\t\t<\/div>\n\t\t<\/section>\n\t\t\t\t<\/div>","protected":false},"excerpt":{"rendered":"<p>Mon nom : Ceci est requis. Mon num\u00e9ro de t\u00e9l\u00e9phone : Ceci est requis. Mon e-mail Ceci est requis. Mon message Me rappeler<\/p>","protected":false},"author":1,"featured_media":0,"parent":0,"menu_order":0,"comment_status":"closed","ping_status":"closed","template":"","meta":{"om_disable_all_campaigns":false,"footnotes":""},"class_list":["post-1429","page","type-page","status-publish","hentry"],"jetpack_sharing_enabled":true,"post_mailing_queue_ids":[],"_links":{"self":[{"href":"https:\/\/stepbystep-book.ch\/en\/wp-json\/wp\/v2\/pages\/1429","targetHints":{"allow":["GET"]}}],"collection":[{"href":"https:\/\/stepbystep-book.ch\/en\/wp-json\/wp\/v2\/pages"}],"about":[{"href":"https:\/\/stepbystep-book.ch\/en\/wp-json\/wp\/v2\/types\/page"}],"author":[{"embeddable":true,"href":"https:\/\/stepbystep-book.ch\/en\/wp-json\/wp\/v2\/users\/1"}],"replies":[{"embeddable":true,"href":"https:\/\/stepbystep-book.ch\/en\/wp-json\/wp\/v2\/comments?post=1429"}],"version-history":[{"count":49,"href":"https:\/\/stepbystep-book.ch\/en\/wp-json\/wp\/v2\/pages\/1429\/revisions"}],"predecessor-version":[{"id":1481,"href":"https:\/\/stepbystep-book.ch\/en\/wp-json\/wp\/v2\/pages\/1429\/revisions\/1481"}],"wp:attachment":[{"href":"https:\/\/stepbystep-book.ch\/en\/wp-json\/wp\/v2\/media?parent=1429"}],"curies":[{"name":"wp","href":"https:\/\/api.w.org\/{rel}","templated":true}]}}