{"id":1253,"date":"2021-12-08T17:17:47","date_gmt":"2021-12-08T17:17:47","guid":{"rendered":"https:\/\/stepbystep-book.ch\/?page_id=1253"},"modified":"2023-03-10T22:08:43","modified_gmt":"2023-03-10T22:08:43","slug":"merci","status":"publish","type":"page","link":"https:\/\/stepbystep-book.ch\/en\/merci\/","title":{"rendered":"MERCI"},"content":{"rendered":"<div data-elementor-type=\"wp-page\" data-elementor-id=\"1253\" class=\"elementor elementor-1253\">\n\t\t\t\t\t\t<section class=\"elementor-section elementor-top-section elementor-element elementor-element-afbd29d elementor-section-boxed elementor-section-height-default elementor-section-height-default\" data-id=\"afbd29d\" data-element_type=\"section\">\n\t\t\t\t\t\t<div class=\"elementor-container elementor-column-gap-default\">\n\t\t\t\t\t<div class=\"elementor-column elementor-col-50 elementor-top-column elementor-element elementor-element-02c5056\" data-id=\"02c5056\" data-element_type=\"column\" data-settings=\"{&quot;background_background&quot;:&quot;classic&quot;}\">\n\t\t\t<div class=\"elementor-widget-wrap elementor-element-populated\">\n\t\t\t\t\t\t<div class=\"elementor-element elementor-element-e08e0ab elementor-widget elementor-widget-image\" data-id=\"e08e0ab\" data-element_type=\"widget\" data-settings=\"{&quot;_animation&quot;:&quot;none&quot;}\" data-widget_type=\"image.default\">\n\t\t\t\t<div class=\"elementor-widget-container\">\n\t\t\t\t\t\t\t\t\t\t\t\t<figure class=\"wp-caption\">\n\t\t\t\t\t\t\t\t\t\t<img fetchpriority=\"high\" decoding=\"async\" width=\"1134\" height=\"1020\" src=\"https:\/\/stepbystep-book.ch\/wp-content\/uploads\/2021\/12\/carte-merci-recto-verso-site.jpg\" class=\"attachment-full size-full wp-image-1281\" alt=\"\" srcset=\"https:\/\/stepbystep-book.ch\/wp-content\/uploads\/2021\/12\/carte-merci-recto-verso-site.jpg 1134w, https:\/\/stepbystep-book.ch\/wp-content\/uploads\/2021\/12\/carte-merci-recto-verso-site-250x225.jpg 250w, https:\/\/stepbystep-book.ch\/wp-content\/uploads\/2021\/12\/carte-merci-recto-verso-site-350x315.jpg 350w, https:\/\/stepbystep-book.ch\/wp-content\/uploads\/2021\/12\/carte-merci-recto-verso-site-300x270.jpg 300w, https:\/\/stepbystep-book.ch\/wp-content\/uploads\/2021\/12\/carte-merci-recto-verso-site-1024x921.jpg 1024w, https:\/\/stepbystep-book.ch\/wp-content\/uploads\/2021\/12\/carte-merci-recto-verso-site-768x691.jpg 768w\" sizes=\"100vw\" \/>\t\t\t\t\t\t\t\t\t\t\t<figcaption class=\"widget-image-caption wp-caption-text\"><\/figcaption>\n\t\t\t\t\t\t\t\t\t\t<\/figure>\n\t\t\t\t\t\t\t\t\t<\/div>\n\t\t\t\t<\/div>\n\t\t\t\t<div class=\"elementor-element elementor-element-d62f66c elementor-widget elementor-widget-image\" data-id=\"d62f66c\" data-element_type=\"widget\" data-settings=\"{&quot;_animation&quot;:&quot;none&quot;}\" data-widget_type=\"image.default\">\n\t\t\t\t<div class=\"elementor-widget-container\">\n\t\t\t\t\t\t\t\t\t\t\t\t<figure class=\"wp-caption\">\n\t\t\t\t\t\t\t\t\t\t<img decoding=\"async\" width=\"425\" height=\"402\" src=\"https:\/\/stepbystep-book.ch\/wp-content\/uploads\/2021\/12\/Merci.jpg\" class=\"attachment-full size-full wp-image-1319\" alt=\"\" srcset=\"https:\/\/stepbystep-book.ch\/wp-content\/uploads\/2021\/12\/Merci.jpg 425w, https:\/\/stepbystep-book.ch\/wp-content\/uploads\/2021\/12\/Merci-250x236.jpg 250w, https:\/\/stepbystep-book.ch\/wp-content\/uploads\/2021\/12\/Merci-350x331.jpg 350w, https:\/\/stepbystep-book.ch\/wp-content\/uploads\/2021\/12\/Merci-300x284.jpg 300w\" sizes=\"100vw\" \/>\t\t\t\t\t\t\t\t\t\t\t<figcaption class=\"widget-image-caption wp-caption-text\"><\/figcaption>\n\t\t\t\t\t\t\t\t\t\t<\/figure>\n\t\t\t\t\t\t\t\t\t<\/div>\n\t\t\t\t<\/div>\n\t\t\t\t<div class=\"elementor-element elementor-element-c93d8a9 elementor-widget elementor-widget-image\" data-id=\"c93d8a9\" data-element_type=\"widget\" data-settings=\"{&quot;_animation&quot;:&quot;none&quot;}\" data-widget_type=\"image.default\">\n\t\t\t\t<div class=\"elementor-widget-container\">\n\t\t\t\t\t\t\t\t\t\t\t\t<figure class=\"wp-caption\">\n\t\t\t\t\t\t\t\t\t\t<img decoding=\"async\" width=\"425\" height=\"498\" src=\"https:\/\/stepbystep-book.ch\/wp-content\/uploads\/2021\/12\/Le-temps-passe.jpg\" class=\"attachment-full size-full wp-image-1320\" alt=\"\" srcset=\"https:\/\/stepbystep-book.ch\/wp-content\/uploads\/2021\/12\/Le-temps-passe.jpg 425w, https:\/\/stepbystep-book.ch\/wp-content\/uploads\/2021\/12\/Le-temps-passe-250x293.jpg 250w, https:\/\/stepbystep-book.ch\/wp-content\/uploads\/2021\/12\/Le-temps-passe-350x410.jpg 350w, https:\/\/stepbystep-book.ch\/wp-content\/uploads\/2021\/12\/Le-temps-passe-256x300.jpg 256w\" sizes=\"100vw\" \/>\t\t\t\t\t\t\t\t\t\t\t<figcaption class=\"widget-image-caption wp-caption-text\"><\/figcaption>\n\t\t\t\t\t\t\t\t\t\t<\/figure>\n\t\t\t\t\t\t\t\t\t<\/div>\n\t\t\t\t<\/div>\n\t\t\t\t<div class=\"elementor-element elementor-element-ca30f90 elementor-widget elementor-widget-image\" data-id=\"ca30f90\" data-element_type=\"widget\" data-settings=\"{&quot;_animation&quot;:&quot;none&quot;}\" data-widget_type=\"image.default\">\n\t\t\t\t<div class=\"elementor-widget-container\">\n\t\t\t\t\t\t\t\t\t\t\t\t<figure class=\"wp-caption\">\n\t\t\t\t\t\t\t\t\t\t<img loading=\"lazy\" decoding=\"async\" width=\"425\" height=\"450\" src=\"https:\/\/stepbystep-book.ch\/wp-content\/uploads\/2021\/12\/En-automne.jpg\" class=\"attachment-full size-full wp-image-1321\" alt=\"\" srcset=\"https:\/\/stepbystep-book.ch\/wp-content\/uploads\/2021\/12\/En-automne.jpg 425w, https:\/\/stepbystep-book.ch\/wp-content\/uploads\/2021\/12\/En-automne-250x265.jpg 250w, https:\/\/stepbystep-book.ch\/wp-content\/uploads\/2021\/12\/En-automne-350x371.jpg 350w, https:\/\/stepbystep-book.ch\/wp-content\/uploads\/2021\/12\/En-automne-283x300.jpg 283w\" sizes=\"100vw\" \/>\t\t\t\t\t\t\t\t\t\t\t<figcaption class=\"widget-image-caption wp-caption-text\"><\/figcaption>\n\t\t\t\t\t\t\t\t\t\t<\/figure>\n\t\t\t\t\t\t\t\t\t<\/div>\n\t\t\t\t<\/div>\n\t\t\t\t\t<\/div>\n\t\t<\/div>\n\t\t\t\t<div class=\"elementor-column elementor-col-50 elementor-top-column elementor-element elementor-element-679bbac\" data-id=\"679bbac\" data-element_type=\"column\">\n\t\t\t<div class=\"elementor-widget-wrap elementor-element-populated\">\n\t\t\t\t\t\t<div class=\"elementor-element elementor-element-a1e9511 elementor-widget elementor-widget-shortcode\" data-id=\"a1e9511\" data-element_type=\"widget\" data-widget_type=\"shortcode.default\">\n\t\t\t\t<div class=\"elementor-widget-container\">\n\t\t\t\t\t\t\t<div class=\"elementor-shortcode\">COMMENT?<br><br>\nRemercie les personnes que tu aimes pour leur amour, leur soutien, leur aide, leur amiti\u00e9.<br>\nRemercier donne la paix \u00e0 ton coeur.\n<br><br>\nCOMBIEN?\n\n<br>CHF 4.- l'unit\u00e9  avec enveloppes. <br>\nFrais d'envoi inclus \u00e0 partir de CHF 20.- d'achat.\n<br><br>Format: 12 x 12 cm, papier mat, 250 g .\n<\/div>\n\t\t\t\t\t\t<\/div>\n\t\t\t\t<\/div>\n\t\t\t\t<div class=\"elementor-element elementor-element-d7fb1b6 elementor-widget elementor-widget-button\" data-id=\"d7fb1b6\" data-element_type=\"widget\" data-widget_type=\"button.default\">\n\t\t\t\t<div class=\"elementor-widget-container\">\n\t\t\t\t\t\t\t\t\t<div class=\"elementor-button-wrapper\">\n\t\t\t\t\t<a class=\"elementor-button elementor-button-link elementor-size-sm\" href=\"https:\/\/stepbystep-book.ch\/en\/product-category\/cartes\/\">\n\t\t\t\t\t\t<span class=\"elementor-button-content-wrapper\">\n\t\t\t\t\t\t\t\t\t<span class=\"elementor-button-text\">Allez \u00e0 la boutique<\/span>\n\t\t\t\t\t<\/span>\n\t\t\t\t\t<\/a>\n\t\t\t\t<\/div>\n\t\t\t\t\t\t\t\t<\/div>\n\t\t\t\t<\/div>\n\t\t\t\t\t<\/div>\n\t\t<\/div>\n\t\t\t\t\t<\/div>\n\t\t<\/section>\n\t\t\t\t<section class=\"elementor-section elementor-top-section elementor-element elementor-element-7e5803b elementor-section-boxed elementor-section-height-default elementor-section-height-default\" data-id=\"7e5803b\" data-element_type=\"section\">\n\t\t\t\t\t\t<div class=\"elementor-container elementor-column-gap-default\">\n\t\t\t\t\t\t<\/div>\n\t\t<\/section>\n\t\t\t\t<section class=\"elementor-section elementor-top-section elementor-element elementor-element-c3e089c elementor-section-boxed elementor-section-height-default elementor-section-height-default\" data-id=\"c3e089c\" data-element_type=\"section\">\n\t\t\t\t\t\t<div class=\"elementor-container elementor-column-gap-default\">\n\t\t\t\t\t<div class=\"elementor-column elementor-col-100 elementor-top-column elementor-element elementor-element-87c158c\" data-id=\"87c158c\" data-element_type=\"column\">\n\t\t\t<div class=\"elementor-widget-wrap\">\n\t\t\t\t\t\t\t<\/div>\n\t\t<\/div>\n\t\t\t\t\t<\/div>\n\t\t<\/section>\n\t\t\t\t<\/div>","protected":false},"excerpt":{"rendered":"<p>COMMENT? Remercie les personnes que tu aimes pour leur amour, leur soutien, leur aide, leur amiti\u00e9. Remercier donne la paix \u00e0 ton coeur. COMBIEN? CHF 4.- l&rsquo;unit\u00e9 avec enveloppes. Frais d&rsquo;envoi inclus \u00e0 partir de CHF 20.- d&rsquo;achat. Format: 12 x 12 cm, papier mat, 250 g . Allez \u00e0 la boutique<\/p>","protected":false},"author":1,"featured_media":0,"parent":0,"menu_order":0,"comment_status":"closed","ping_status":"closed","template":"elementor_header_footer","meta":{"om_disable_all_campaigns":false,"footnotes":""},"class_list":["post-1253","page","type-page","status-publish","hentry"],"jetpack_sharing_enabled":true,"post_mailing_queue_ids":[],"_links":{"self":[{"href":"https:\/\/stepbystep-book.ch\/en\/wp-json\/wp\/v2\/pages\/1253","targetHints":{"allow":["GET"]}}],"collection":[{"href":"https:\/\/stepbystep-book.ch\/en\/wp-json\/wp\/v2\/pages"}],"about":[{"href":"https:\/\/stepbystep-book.ch\/en\/wp-json\/wp\/v2\/types\/page"}],"author":[{"embeddable":true,"href":"https:\/\/stepbystep-book.ch\/en\/wp-json\/wp\/v2\/users\/1"}],"replies":[{"embeddable":true,"href":"https:\/\/stepbystep-book.ch\/en\/wp-json\/wp\/v2\/comments?post=1253"}],"version-history":[{"count":97,"href":"https:\/\/stepbystep-book.ch\/en\/wp-json\/wp\/v2\/pages\/1253\/revisions"}],"predecessor-version":[{"id":2798,"href":"https:\/\/stepbystep-book.ch\/en\/wp-json\/wp\/v2\/pages\/1253\/revisions\/2798"}],"wp:attachment":[{"href":"https:\/\/stepbystep-book.ch\/en\/wp-json\/wp\/v2\/media?parent=1253"}],"curies":[{"name":"wp","href":"https:\/\/api.w.org\/{rel}","templated":true}]}}