{"id":1081,"date":"2021-04-09T19:37:17","date_gmt":"2021-04-09T19:37:17","guid":{"rendered":"https:\/\/stepbystep-book.ch\/?page_id=1081"},"modified":"2023-03-11T21:35:16","modified_gmt":"2023-03-11T21:35:16","slug":"travel-book","status":"publish","type":"page","link":"https:\/\/stepbystep-book.ch\/en\/travel-book\/","title":{"rendered":"Travel Book"},"content":{"rendered":"<div data-elementor-type=\"wp-page\" data-elementor-id=\"1081\" class=\"elementor elementor-1081\">\n\t\t\t\t\t\t<section class=\"elementor-section elementor-top-section elementor-element elementor-element-afbd29d elementor-section-boxed elementor-section-height-default elementor-section-height-default\" data-id=\"afbd29d\" data-element_type=\"section\">\n\t\t\t\t\t\t<div class=\"elementor-container elementor-column-gap-default\">\n\t\t\t\t\t<div class=\"elementor-column elementor-col-50 elementor-top-column elementor-element elementor-element-02c5056\" data-id=\"02c5056\" data-element_type=\"column\">\n\t\t\t<div class=\"elementor-widget-wrap elementor-element-populated\">\n\t\t\t\t\t\t<div class=\"elementor-element elementor-element-5a51db0 elementor-widget elementor-widget-image\" data-id=\"5a51db0\" data-element_type=\"widget\" data-settings=\"{&quot;_animation&quot;:&quot;none&quot;}\" data-widget_type=\"image.default\">\n\t\t\t\t<div class=\"elementor-widget-container\">\n\t\t\t\t\t\t\t\t\t\t\t\t\t\t\t<img fetchpriority=\"high\" decoding=\"async\" width=\"431\" height=\"606\" src=\"https:\/\/stepbystep-book.ch\/wp-content\/uploads\/2021\/04\/travel-book2.jpg\" class=\"attachment-full size-full wp-image-1088\" alt=\"\" srcset=\"https:\/\/stepbystep-book.ch\/wp-content\/uploads\/2021\/04\/travel-book2.jpg 431w, https:\/\/stepbystep-book.ch\/wp-content\/uploads\/2021\/04\/travel-book2-250x352.jpg 250w, https:\/\/stepbystep-book.ch\/wp-content\/uploads\/2021\/04\/travel-book2-350x492.jpg 350w, https:\/\/stepbystep-book.ch\/wp-content\/uploads\/2021\/04\/travel-book2-213x300.jpg 213w\" sizes=\"100vw\" \/>\t\t\t\t\t\t\t\t\t\t\t\t\t\t\t<\/div>\n\t\t\t\t<\/div>\n\t\t\t\t\t<\/div>\n\t\t<\/div>\n\t\t\t\t<div class=\"elementor-column elementor-col-50 elementor-top-column elementor-element elementor-element-679bbac\" data-id=\"679bbac\" data-element_type=\"column\">\n\t\t\t<div class=\"elementor-widget-wrap elementor-element-populated\">\n\t\t\t\t\t\t<div class=\"elementor-element elementor-element-7e80347 elementor-widget elementor-widget-text-editor\" data-id=\"7e80347\" data-element_type=\"widget\" data-widget_type=\"text-editor.default\">\n\t\t\t\t<div class=\"elementor-widget-container\">\n\t\t\t\t\t\t\t\t\t<p><strong>\u00ab\u00a0Step by Step Travel Book\u00a0\u00bb<\/strong> exemple de livret personnalis\u00e9 pour organiser pas \u00e0 pas votre aventure et cr\u00e9er votre journal de voyage.<\/p><p>Livret de 64 pages<br \/>Format: A5 (14,8 x 21 cm)<br \/>Inside pages: 135g mat paper,<br \/>Cover: 250g glossy paper<\/p><p>Prix pour les livrets personnalis\u00e9s (commande minimum 10 livrets) :<\/p><p>10 livrets &#8211; CHF 30.- \/ l&rsquo;unit\u00e9<br \/>25 livrets &#8211; CHF 20.- \/ l&rsquo;unit\u00e9<br \/>50 livrets &#8211; CHF 15.- \/ l&rsquo;unit\u00e9<br \/>100 livrets &#8211; CHF 10.- \/ l&rsquo;unit\u00e9<\/p><p><strong>D&rsquo;autres formats sont possibles<\/strong><\/p>\t\t\t\t\t\t\t\t<\/div>\n\t\t\t\t<\/div>\n\t\t\t\t<div class=\"elementor-element elementor-element-0a07e1f elementor-align-left elementor-widget elementor-widget-button\" data-id=\"0a07e1f\" data-element_type=\"widget\" data-widget_type=\"button.default\">\n\t\t\t\t<div class=\"elementor-widget-container\">\n\t\t\t\t\t\t\t\t\t<div class=\"elementor-button-wrapper\">\n\t\t\t\t\t<a class=\"elementor-button elementor-button-link elementor-size-sm\" href=\"https:\/\/stepbystep-book.ch\/en\/contactez-nous\/\">\n\t\t\t\t\t\t<span class=\"elementor-button-content-wrapper\">\n\t\t\t\t\t\t\t\t\t<span class=\"elementor-button-text\">Votre demande sp\u00e9cifique<\/span>\n\t\t\t\t\t<\/span>\n\t\t\t\t\t<\/a>\n\t\t\t\t<\/div>\n\t\t\t\t\t\t\t\t<\/div>\n\t\t\t\t<\/div>\n\t\t\t\t\t<\/div>\n\t\t<\/div>\n\t\t\t\t\t<\/div>\n\t\t<\/section>\n\t\t\t\t<section class=\"elementor-section elementor-top-section elementor-element elementor-element-7e5803b elementor-section-boxed elementor-section-height-default elementor-section-height-default\" data-id=\"7e5803b\" data-element_type=\"section\">\n\t\t\t\t\t\t<div class=\"elementor-container elementor-column-gap-default\">\n\t\t\t\t\t\t<\/div>\n\t\t<\/section>\n\t\t\t\t<section class=\"elementor-section elementor-top-section elementor-element elementor-element-7217b8d elementor-section-boxed elementor-section-height-default elementor-section-height-default\" data-id=\"7217b8d\" data-element_type=\"section\">\n\t\t\t\t\t\t<div class=\"elementor-container elementor-column-gap-default\">\n\t\t\t\t\t\t<\/div>\n\t\t<\/section>\n\t\t\t\t<\/div>","protected":false},"excerpt":{"rendered":"<p>\u00ab\u00a0Step by Step Travel Book\u00a0\u00bb exemple de livret personnalis\u00e9 pour organiser pas \u00e0 pas votre aventure et cr\u00e9er votre journal de voyage. Livret de 64 pagesFormat: A5 (14,8 x 21 cm)Pages int\u00e9rieures : papier 135g mat,Couverture : papier 250g brillant Prix pour les livrets personnalis\u00e9s (commande minimum 10 livrets) : 10 livrets &#8211; CHF 30.- &hellip; <\/p>\n<p class=\"link-more\"><a href=\"https:\/\/stepbystep-book.ch\/en\/travel-book\/\" class=\"more-link\">Continue reading<span class=\"screen-reader-text\"> \u00ab\u00a0Travel Book\u00a0\u00bb<\/span><\/a><\/p>","protected":false},"author":1,"featured_media":0,"parent":0,"menu_order":0,"comment_status":"closed","ping_status":"closed","template":"elementor_header_footer","meta":{"om_disable_all_campaigns":false,"footnotes":""},"class_list":["post-1081","page","type-page","status-publish","hentry"],"jetpack_sharing_enabled":true,"post_mailing_queue_ids":[],"_links":{"self":[{"href":"https:\/\/stepbystep-book.ch\/en\/wp-json\/wp\/v2\/pages\/1081","targetHints":{"allow":["GET"]}}],"collection":[{"href":"https:\/\/stepbystep-book.ch\/en\/wp-json\/wp\/v2\/pages"}],"about":[{"href":"https:\/\/stepbystep-book.ch\/en\/wp-json\/wp\/v2\/types\/page"}],"author":[{"embeddable":true,"href":"https:\/\/stepbystep-book.ch\/en\/wp-json\/wp\/v2\/users\/1"}],"replies":[{"embeddable":true,"href":"https:\/\/stepbystep-book.ch\/en\/wp-json\/wp\/v2\/comments?post=1081"}],"version-history":[{"count":43,"href":"https:\/\/stepbystep-book.ch\/en\/wp-json\/wp\/v2\/pages\/1081\/revisions"}],"predecessor-version":[{"id":2839,"href":"https:\/\/stepbystep-book.ch\/en\/wp-json\/wp\/v2\/pages\/1081\/revisions\/2839"}],"wp:attachment":[{"href":"https:\/\/stepbystep-book.ch\/en\/wp-json\/wp\/v2\/media?parent=1081"}],"curies":[{"name":"wp","href":"https:\/\/api.w.org\/{rel}","templated":true}]}}